{"id":8213,"date":"2018-10-03T09:47:10","date_gmt":"2018-10-03T09:47:10","guid":{"rendered":"https:\/\/fimel.pt\/?page_id=8213"},"modified":"2026-05-06T09:31:10","modified_gmt":"2026-05-06T09:31:10","slug":"soluciones-de-pintura","status":"publish","type":"page","link":"https:\/\/fimel.pt\/es\/soluciones-de-pintura\/","title":{"rendered":"Soluciones de Pintura"},"content":{"rendered":"<p><div class=\"fusion-fullwidth fullwidth-box fusion-parallax-none page-title nonhundred-percent-fullwidth non-hundred-percent-height-scrolling\"  style='background-color: rgba(255,255,255,0);background-image: url(\"https:\/\/fimel.pt\/wp-content\/uploads\/2017\/07\/banner.png\");background-position: center center;background-repeat: no-repeat;padding-top:0px;padding-right:0px;padding-bottom:0px;padding-left:0px;margin-bottom: 0px;margin-top: 0px;-webkit-background-size:cover;-moz-background-size:cover;-o-background-size:cover;background-size:cover;'><div class=\"fusion-builder-row fusion-row \"><div  class=\"fusion-layout-column fusion_builder_column fusion_builder_column_1_1  fusion-one-full fusion-column-first fusion-column-last fimel-banner 1_1\"  style='margin-top:0px;margin-bottom:20px;'>\n\t\t\t\t\t<div class=\"fusion-column-wrapper\" style=\"padding: 0px 0px 0px 0px;background-position:left top;background-repeat:no-repeat;-webkit-background-size:cover;-moz-background-size:cover;-o-background-size:cover;background-size:cover;\"  data-bg-url=\"\">\n\t\t\t\t\t\t<div class=\"fusion-column-content-centered\"><div class=\"fusion-column-content\"><div class=\"imageframe-align-center\"><span class=\"fusion-imageframe imageframe-none imageframe-1 hover-type-none area-icon\"><img loading=\"lazy\" src=\"https:\/\/fimel.pt\/wp-content\/uploads\/2017\/08\/solucoesdepintura.png\" width=\"400\" height=\"400\" alt=\"\" title=\"solucoesdepintura\" class=\"img-responsive wp-image-8314\" srcset=\"https:\/\/fimel.pt\/wp-content\/uploads\/2017\/08\/solucoesdepintura-200x200.png 200w, https:\/\/fimel.pt\/wp-content\/uploads\/2017\/08\/solucoesdepintura.png 400w\" sizes=\"(max-width: 800px) 100vw, 400px\" \/><\/span><\/div><div class=\"xs-spacer30 sm-spacer30\"><\/div><div class=\"fusion-text\"><p style=\"text-align: center;\"><span class=\"page-heading\">Soluciones de Pintura<\/span><\/p>\n<\/div><\/div><\/div><div class=\"fusion-clearfix\"><\/div>\n\n\t\t\t\t\t<\/div>\n\t\t\t\t<\/div><\/div><\/div><div class=\"fusion-fullwidth fullwidth-box position-area hundred-percent-fullwidth non-hundred-percent-height-scrolling\"  style='background-color: rgba(255,255,255,0);background-position: center center;background-repeat: no-repeat;padding-top:0px;padding-right:0px;padding-bottom:0px;padding-left:0px;margin-bottom: 90px;margin-top: 90px;'><div class=\"fusion-builder-row fusion-row \"><div  class=\"fusion-layout-column fusion_builder_column fusion_builder_column_1_1  fusion-one-full fusion-column-first fusion-column-last 1_1\"  style='margin-top:0px;margin-bottom:20px;'>\n\t\t\t\t\t<div class=\"fusion-column-wrapper\" style=\"padding: 0px 0px 0px 0px;background-position:left top;background-repeat:no-repeat;-webkit-background-size:cover;-moz-background-size:cover;-o-background-size:cover;background-size:cover;\"  data-bg-url=\"\">\n\t\t\t\t\t\t<div class=\"fusion-text\"><div class=\"sm-spacer30\"><\/div>\n<\/div><div class=\"fusion-clearfix\"><\/div>\n\n\t\t\t\t\t<\/div>\n\t\t\t\t<\/div><div  class=\"fusion-layout-column fusion_builder_column fusion_builder_column_1_6  fusion-one-sixth fusion-column-first 1_6\"  style='margin-top:0px;margin-bottom:20px;width:16.66%;width:calc(16.66% - ( ( 4% + 4% ) * 0.1666 ) );margin-right: 4%;'>\n\t\t\t\t\t<div class=\"fusion-column-wrapper\" style=\"padding: 0px 0px 0px 0px;background-position:left top;background-repeat:no-repeat;-webkit-background-size:cover;-moz-background-size:cover;-o-background-size:cover;background-size:cover;\"  data-bg-url=\"\">\n\t\t\t\t\t\t<div class=\"fusion-clearfix\"><\/div>\n\n\t\t\t\t\t<\/div>\n\t\t\t\t<\/div><div  class=\"fusion-layout-column fusion_builder_column fusion_builder_column_2_3  fusion-two-third 2_3\"  style='margin-top:0px;margin-bottom:20px;width:66.66%;width:calc(66.66% - ( ( 4% + 4% ) * 0.6666 ) );margin-right: 4%;'>\n\t\t\t\t\t<div class=\"fusion-column-wrapper\" style=\"padding: 0px 0px 0px 0px;background-position:left top;background-repeat:no-repeat;-webkit-background-size:cover;-moz-background-size:cover;-o-background-size:cover;background-size:cover;\"  data-bg-url=\"\">\n\t\t\t\t\t\t<div class=\"fusion-builder-row fusion-builder-row-inner fusion-row \"><div  class=\"fusion-layout-column fusion_builder_column fusion_builder_column_1_2  fusion-one-half fusion-column-first 1_2\"  style='margin-top: 0px;margin-bottom: 20px;width:50%;width:calc(50% - ( ( 4% ) * 0.5 ) );margin-right:4%;'><div class=\"fusion-column-wrapper\" style=\"padding: 0px 0px 0px 0px;background-position:left top;background-repeat:no-repeat;-webkit-background-size:cover;-moz-background-size:cover;-o-background-size:cover;background-size:cover;\"  data-bg-url=\"\"><div class=\"fusion-text\"><h2 class=\"fimel-h2-sp\">En lo que concierne a instalaciones de pintura, Fimel posee estructuras s\u00f3lidas de recogida de los requisitos de los clientes, estudio y proyecto de la mejor soluci\u00f3n, fabricaci\u00f3n, montaje y asistencia posventa de todos los componentes de una l\u00ednea de pintura electrost\u00e1tica.  <\/h2>\n<\/div><div class=\"fusion-text\"><p>Aliada a nuestra tecnolog\u00eda, tenemos una vasta experiencia resultante de los largos a\u00f1os de actividad y de los inn\u00fameros \u00e1mbitos industriales en los que actuamos. Nuestros v\u00ednculos con empresas internacionales nos permiten acompa\u00f1ar la tecnolog\u00eda de punta, garantizando as\u00ed a nuestros clientes soluciones actualizadas.<\/p>\n<p>Los principales equipos fabricados son:<\/p>\n<ul class=\"fimel-list\">\n<li>Instalaciones de Pintura L\u00edquida y en Polvo, de piezas met\u00e1licas, pl\u00e1sticas y de madera.<\/li>\n<li>Instalaciones de Lacado.<\/li>\n<li>Instalaciones con Cubas Est\u00e1ticas o Continuas de Decapado.<\/li>\n<li>Instalaciones para Plastificaci\u00f3n (tefl\u00f3n, poliamida, etc.).<\/li>\n<li>Cabinas de Pintura en Polvo.<\/li>\n<li>Cabinas de Pintura L\u00edquida.<\/li>\n<li>Cabinas de Pintura V\u00eda Seca.<\/li>\n<li>Cabinas de Pintura V\u00eda H\u00fameda.<\/li>\n<li>Cabinas de Pintura Autom\u00f3vil.<\/li>\n<li>Cabinas de Lavado Manual.<\/li>\n<\/ul>\n<\/div><div class=\"xs-spacer30 sm-spacer90\"><\/div><\/div><\/div><div  class=\"fusion-layout-column fusion_builder_column fusion_builder_column_1_2  fusion-one-half fusion-column-last 1_2\"  style='margin-top: 0px;margin-bottom: 20px;width:50%;width:calc(50% - ( ( 4% ) * 0.5 ) );'><div class=\"fusion-column-wrapper\" style=\"padding: 0px 0px 0px 0px;background-position:left top;background-repeat:no-repeat;-webkit-background-size:cover;-moz-background-size:cover;-o-background-size:cover;background-size:cover;\"  data-bg-url=\"\"><div class=\"fusion-slider-sc flexslider flexslider-hover-type-none areas-slider\" style=\"max-width:100%;height:100%;\"><ul class=\"slides\"><li class=\"image\"><span class=\"hover-type-none\"><img role=\"presentation\" src=\"https:\/\/fimel.pt\/wp-content\/uploads\/2018\/01\/Linha-de-Pintura-L\u00edquida-Manual-Via-H\u00famida.jpg\" \/><\/span><\/li><li class=\"image\"><span class=\"hover-type-none\"><img role=\"presentation\" src=\"https:\/\/fimel.pt\/wp-content\/uploads\/2018\/01\/Linha-de-Pintura-a-P\u00f3-Autom\u00e1tica-01.jpg\" \/><\/span><\/li><li class=\"image\"><span class=\"hover-type-none\"><img role=\"presentation\" src=\"https:\/\/fimel.pt\/wp-content\/uploads\/2018\/01\/Linha-de-Lacagem-a-P\u00f3-Autom\u00e1tica.jpg\" \/><\/span><\/li><li class=\"image\"><span class=\"hover-type-none\"><img role=\"presentation\" src=\"https:\/\/fimel.pt\/wp-content\/uploads\/2018\/01\/CPS-CONTINUA-SEM-NEUTROS-SISTRAL.jpg\" \/><\/span><\/li><li class=\"image\"><span class=\"hover-type-none\"><img role=\"presentation\" src=\"https:\/\/fimel.pt\/wp-content\/uploads\/2018\/01\/CABINA-PINTURA-LIQUIDA-PRESSURIZADA-E-AQUECIDA-001.jpg\" \/><\/span><\/li><li class=\"image\"><span class=\"hover-type-none\"><img role=\"presentation\" src=\"https:\/\/fimel.pt\/wp-content\/uploads\/2018\/01\/Cabina-Pintura-Via-Seca-com-Anteparas-2030.jpg\" \/><\/span><\/li><li class=\"image\"><span class=\"hover-type-none\"><img role=\"presentation\" src=\"https:\/\/fimel.pt\/wp-content\/uploads\/2018\/01\/CCA-SE.jpg\" \/><\/span><\/li><li class=\"image\"><span class=\"hover-type-none\"><img role=\"presentation\" src=\"https:\/\/fimel.pt\/wp-content\/uploads\/2018\/01\/CABINA-FORNO-002.jpg\" \/><\/span><\/li><li class=\"image\"><span class=\"hover-type-none\"><img role=\"presentation\" src=\"https:\/\/fimel.pt\/wp-content\/uploads\/2018\/01\/8070.00-Casa-metalica-2640x4000x3500.jpg\" \/><\/span><\/li><\/ul><\/div><\/div><\/div><\/div><div class=\"fusion-clearfix\"><\/div>\n\n\t\t\t\t\t<\/div>\n\t\t\t\t<\/div><div  class=\"fusion-layout-column fusion_builder_column fusion_builder_column_1_6  fusion-one-sixth fusion-column-last 1_6\"  style='margin-top:0px;margin-bottom:20px;width:16.66%;width:calc(16.66% - ( ( 4% + 4% ) * 0.1666 ) );'>\n\t\t\t\t\t<div class=\"fusion-column-wrapper\" style=\"padding: 0px 0px 0px 0px;background-position:left top;background-repeat:no-repeat;-webkit-background-size:cover;-moz-background-size:cover;-o-background-size:cover;background-size:cover;\"  data-bg-url=\"\">\n\t\t\t\t\t\t<div class=\"fusion-clearfix\"><\/div>\n\n\t\t\t\t\t<\/div>\n\t\t\t\t<\/div><\/div><\/div><div class=\"fusion-fullwidth fullwidth-box hundred-percent-fullwidth non-hundred-percent-height-scrolling\"  style='background-color: rgba(255,255,255,0);background-position: center center;background-repeat: no-repeat;padding-top:0px;padding-right:0px;padding-bottom:0px;padding-left:0px;margin-bottom: 150px;'><div class=\"fusion-builder-row fusion-row \"><div  class=\"fusion-layout-column fusion_builder_column fusion_builder_column_1_6  fusion-one-sixth fusion-column-first 1_6\"  style='margin-top:0px;margin-bottom:20px;width:16.66%;width:calc(16.66% - ( ( 4% + 4% ) * 0.1666 ) );margin-right: 4%;'>\n\t\t\t\t\t<div class=\"fusion-column-wrapper\" style=\"padding: 0px 0px 0px 0px;background-position:left top;background-repeat:no-repeat;-webkit-background-size:cover;-moz-background-size:cover;-o-background-size:cover;background-size:cover;\"  data-bg-url=\"\">\n\t\t\t\t\t\t<div class=\"fusion-clearfix\"><\/div>\n\n\t\t\t\t\t<\/div>\n\t\t\t\t<\/div><div  class=\"fusion-layout-column fusion_builder_column fusion_builder_column_2_3  fusion-two-third 2_3\"  style='margin-top:0px;margin-bottom:20px;width:66.66%;width:calc(66.66% - ( ( 4% + 4% ) * 0.6666 ) );margin-right: 4%;'>\n\t\t\t\t\t<div class=\"fusion-column-wrapper\" style=\"padding: 0px 0px 0px 0px;background-position:left top;background-repeat:no-repeat;-webkit-background-size:cover;-moz-background-size:cover;-o-background-size:cover;background-size:cover;\"  data-bg-url=\"\">\n\t\t\t\t\t\t<div class=\"xs-spacer30 sm-spacer90\"><\/div><div class=\"fusion-text\"><div class=\"fimel-video\"><iframe loading=\"lazy\" title=\"Jofebar\" src=\"https:\/\/www.youtube.com\/embed\/QoNF42XU-C4\" width=\"1024\" height=\"576\" frameborder=\"0\" allowfullscreen=\"allowfullscreen\"><\/iframe><\/div>\n<\/div><div class=\"xs-spacer30 sm-spacer90\"><\/div><div class=\"fusion-text\"><div class=\"fimel-video\"><iframe loading=\"lazy\" title=\"Bosch\" src=\"https:\/\/www.youtube.com\/embed\/nbu0_EfK6OM\" width=\"1024\" height=\"576\" frameborder=\"0\" allowfullscreen=\"allowfullscreen\"><\/iframe><\/div>\n<\/div><div class=\"xs-spacer30 sm-spacer90\"><\/div><div class=\"fusion-text\"><div class=\"fimel-video\"><iframe loading=\"lazy\" src=\"https:\/\/www.youtube.com\/embed\/RR4SFTrY3V0?autoplay=1&amp;loop=1&amp;rel=0&amp;showinfo=0\" width=\"1024\" height=\"576\" frameborder=\"0\" allowfullscreen=\"allowfullscreen\"><\/iframe><\/div>\n<\/div><div class=\"xs-spacer30 sm-spacer90\"><\/div><div class=\"fusion-text\"><div class=\"fimel-video\"><iframe loading=\"lazy\" src=\"https:\/\/www.youtube.com\/embed\/fFmInKcCRWQ?autoplay=1&amp;loop=1&amp;rel=0&amp;showinfo=0\" width=\"1024\" height=\"576\" frameborder=\"0\" allowfullscreen=\"allowfullscreen\"><\/iframe><\/div>\n<\/div><div class=\"xs-spacer30 sm-spacer90\"><\/div><div class=\"fusion-text\"><div class=\"fimel-video\"><iframe loading=\"lazy\" src=\"https:\/\/www.youtube.com\/embed\/fuOASQLiY7s?autoplay=1&amp;loop=1&amp;rel=0&amp;showinfo=0\" width=\"1024\" height=\"576\" frameborder=\"0\" allowfullscreen=\"allowfullscreen\"><\/iframe><\/div>\n<\/div><div class=\"fusion-clearfix\"><\/div>\n\n\t\t\t\t\t<\/div>\n\t\t\t\t<\/div><div  class=\"fusion-layout-column fusion_builder_column fusion_builder_column_1_6  fusion-one-sixth fusion-column-last 1_6\"  style='margin-top:0px;margin-bottom:20px;width:16.66%;width:calc(16.66% - ( ( 4% + 4% ) * 0.1666 ) );'>\n\t\t\t\t\t<div class=\"fusion-column-wrapper\" style=\"padding: 0px 0px 0px 0px;background-position:left top;background-repeat:no-repeat;-webkit-background-size:cover;-moz-background-size:cover;-o-background-size:cover;background-size:cover;\"  data-bg-url=\"\">\n\t\t\t\t\t\t<div class=\"fusion-clearfix\"><\/div>\n\n\t\t\t\t\t<\/div>\n\t\t\t\t<\/div><\/div><\/div><\/p>\n","protected":false},"excerpt":{"rendered":"","protected":false},"author":1,"featured_media":0,"parent":0,"menu_order":0,"comment_status":"closed","ping_status":"closed","template":"100-width.php","meta":[],"_links":{"self":[{"href":"https:\/\/fimel.pt\/es\/wp-json\/wp\/v2\/pages\/8213"}],"collection":[{"href":"https:\/\/fimel.pt\/es\/wp-json\/wp\/v2\/pages"}],"about":[{"href":"https:\/\/fimel.pt\/es\/wp-json\/wp\/v2\/types\/page"}],"author":[{"embeddable":true,"href":"https:\/\/fimel.pt\/es\/wp-json\/wp\/v2\/users\/1"}],"replies":[{"embeddable":true,"href":"https:\/\/fimel.pt\/es\/wp-json\/wp\/v2\/comments?post=8213"}],"version-history":[{"count":3,"href":"https:\/\/fimel.pt\/es\/wp-json\/wp\/v2\/pages\/8213\/revisions"}],"predecessor-version":[{"id":12485,"href":"https:\/\/fimel.pt\/es\/wp-json\/wp\/v2\/pages\/8213\/revisions\/12485"}],"wp:attachment":[{"href":"https:\/\/fimel.pt\/es\/wp-json\/wp\/v2\/media?parent=8213"}],"curies":[{"name":"wp","href":"https:\/\/api.w.org\/{rel}","templated":true}]}}