{"id":8251,"date":"2018-10-03T11:57:57","date_gmt":"2018-10-03T11:57:57","guid":{"rendered":"https:\/\/fimel.pt\/?page_id=8251"},"modified":"2018-10-03T11:57:57","modified_gmt":"2018-10-03T11:57:57","slug":"lavadoras-industriales","status":"publish","type":"page","link":"https:\/\/fimel.pt\/es\/lavadoras-industriales\/","title":{"rendered":"Lavadoras Industriales"},"content":{"rendered":"<p><div class=\"fusion-fullwidth fullwidth-box fusion-parallax-none page-title nonhundred-percent-fullwidth non-hundred-percent-height-scrolling\"  style='background-color: rgba(255,255,255,0);background-image: url(\"https:\/\/fimel.pt\/wp-content\/uploads\/2017\/08\/LavadorasIndustriais-1-300x41.png\");background-position: center center;background-repeat: no-repeat;padding-top:0px;padding-right:0px;padding-bottom:0px;padding-left:0px;margin-bottom: 0px;margin-top: 0px;-webkit-background-size:cover;-moz-background-size:cover;-o-background-size:cover;background-size:cover;'><div class=\"fusion-builder-row fusion-row \"><div  class=\"fusion-layout-column fusion_builder_column fusion_builder_column_1_1  fusion-one-full fusion-column-first fusion-column-last fimel-banner 1_1\"  style='margin-top:0px;margin-bottom:20px;'>\n\t\t\t\t\t<div class=\"fusion-column-wrapper\" style=\"padding: 0px 0px 0px 0px;background-position:left top;background-repeat:no-repeat;-webkit-background-size:cover;-moz-background-size:cover;-o-background-size:cover;background-size:cover;\"  data-bg-url=\"\">\n\t\t\t\t\t\t<div class=\"imageframe-align-center\"><span class=\"fusion-imageframe imageframe-none imageframe-1 hover-type-none area-icon\"><img loading=\"lazy\" src=\"https:\/\/fimel.pt\/wp-content\/uploads\/2017\/08\/lavadorasindustriais.png\" width=\"400\" height=\"400\" alt=\"\" title=\"lavadorasindustriais\" class=\"img-responsive wp-image-8315\" srcset=\"https:\/\/fimel.pt\/wp-content\/uploads\/2017\/08\/lavadorasindustriais-200x200.png 200w, https:\/\/fimel.pt\/wp-content\/uploads\/2017\/08\/lavadorasindustriais.png 400w\" sizes=\"(max-width: 800px) 100vw, 400px\" \/><\/span><\/div><div class=\"xs-spacer30 sm-spacer30\"><\/div><div class=\"fusion-text\"><p style=\"text-align: center;\"><span class=\"page-heading\">Lavadoras Industriales<\/span><\/p>\n<\/div><div class=\"fusion-clearfix\"><\/div>\n\n\t\t\t\t\t<\/div>\n\t\t\t\t<\/div><\/div><\/div><div id=\"l-presentation\" class=\"fusion-fullwidth fullwidth-box position-area hundred-percent-fullwidth non-hundred-percent-height-scrolling\"  style='background-color: rgba(255,255,255,0);background-position: center center;background-repeat: no-repeat;padding-top:0px;padding-right:0px;padding-bottom:0px;padding-left:0px;margin-bottom: 90px;margin-top: 90px;'><div class=\"fusion-builder-row fusion-row \"><div  class=\"fusion-layout-column fusion_builder_column fusion_builder_column_1_6  fusion-one-sixth fusion-column-first 1_6\"  style='margin-top:0px;margin-bottom:20px;width:16.66%;width:calc(16.66% - ( ( 4% + 4% ) * 0.1666 ) );margin-right: 4%;'>\n\t\t\t\t\t<div class=\"fusion-column-wrapper\" style=\"padding: 0px 0px 0px 0px;background-position:left top;background-repeat:no-repeat;-webkit-background-size:cover;-moz-background-size:cover;-o-background-size:cover;background-size:cover;\"  data-bg-url=\"\">\n\t\t\t\t\t\t<div class=\"fusion-clearfix\"><\/div>\n\n\t\t\t\t\t<\/div>\n\t\t\t\t<\/div><div  class=\"fusion-layout-column fusion_builder_column fusion_builder_column_2_3  fusion-two-third 2_3\"  style='margin-top:0px;margin-bottom:20px;width:66.66%;width:calc(66.66% - ( ( 4% + 4% ) * 0.6666 ) );margin-right: 4%;'>\n\t\t\t\t\t<div class=\"fusion-column-wrapper\" style=\"padding: 0px 0px 0px 0px;background-position:left top;background-repeat:no-repeat;-webkit-background-size:cover;-moz-background-size:cover;-o-background-size:cover;background-size:cover;\"  data-bg-url=\"\">\n\t\t\t\t\t\t<div class=\"fusion-builder-row fusion-builder-row-inner fusion-row \"><div  class=\"fusion-layout-column fusion_builder_column fusion_builder_column_1_2  fusion-one-half fusion-column-first 1_2\"  style='margin-top: 0px;margin-bottom: 20px;width:50%;width:calc(50% - ( ( 4% ) * 0.5 ) );margin-right:4%;'><div class=\"fusion-column-wrapper\" style=\"padding: 0px 0px 0px 0px;background-position:left top;background-repeat:no-repeat;-webkit-background-size:cover;-moz-background-size:cover;-o-background-size:cover;background-size:cover;\"  data-bg-url=\"\"><div class=\"fusion-text\"><h2 class=\"fimel-area-title\">Lavar piezas es una necesidad presente en los m\u00e1s variados sectores de la industria, por lo que las lavadoras industriales son m\u00e1quinas esenciales para garantizar un producto de calidad. <\/h2>\n<\/div><div class=\"xs-spacer30 sm-spacer30\"><\/div><div class=\"fusion-text\"><p><span class=\"fimel-area-text\">Las lavadoras se han convertido en un equipo indispensable en la industria que trabaja con piezas.<br \/>\nLas piezas industriales son bastante diversas, por lo que hay lavadoras de varios modelos para realizar el lavado del modo m\u00e1s adecuado. De entre las lavadoras industriales, hay la lavadora tipo t\u00fanel, uno de los modelos m\u00e1s vers\u00e1tiles del mercado, porque puede ser completamente ajustado a las necesidades del cliente, ya sea por cinta o transportador suspendido. Esta m\u00e1quina utiliza mucha tecnolog\u00eda y permite que todas sus caracter\u00edsticas relacionadas con el trabajo y la composici\u00f3n puedan ser ajustadas, generando as\u00ed los mejores resultados posibles, ya que la m\u00e1quina ha sido dise\u00f1ada para trabajar exclusivamente con las piezas espec\u00edficas..<\/span><\/p>\n<ul class=\"fimel-list\">\n<li>Lavadoras de T\u00fanel Continuo.<\/li>\n<li>Lavadoras de T\u00fanel Est\u00e1tico.<\/li>\n<li>Lavadoras de Piezas por Inmersi\u00f3n.<\/li>\n<li>Lavadoras de Cajas Pl\u00e1sticas.<\/li>\n<li>Lavadoras de Cesta Rotativa.<\/li>\n<li>Lavadoras con Secado.<\/li>\n<\/ul>\n<\/div><div class=\"xs-spacer30 sm-spacer90\"><\/div><\/div><\/div><div  class=\"fusion-layout-column fusion_builder_column fusion_builder_column_1_2  fusion-one-half fusion-column-last 1_2\"  style='margin-top: 0px;margin-bottom: 20px;width:50%;width:calc(50% - ( ( 4% ) * 0.5 ) );'><div class=\"fusion-column-wrapper\" style=\"padding: 0px 0px 0px 0px;background-position:left top;background-repeat:no-repeat;-webkit-background-size:cover;-moz-background-size:cover;-o-background-size:cover;background-size:cover;\"  data-bg-url=\"\"><div class=\"fusion-slider-sc flexslider flexslider-hover-type-none areas-slider\" style=\"max-width:100%;height:100%;\"><ul class=\"slides\"><li class=\"image\"><span class=\"hover-type-none\"><img role=\"presentation\" src=\"https:\/\/fimel.pt\/wp-content\/uploads\/2018\/01\/1.jpg\" \/><\/span><\/li><li class=\"image\"><span class=\"hover-type-none\"><img role=\"presentation\" src=\"https:\/\/fimel.pt\/wp-content\/uploads\/2018\/01\/Lavadora-de-Pe\u00e7as-Autom\u00f3vel-import.jpg\" \/><\/span><\/li><li class=\"image\"><span class=\"hover-type-none\"><img role=\"presentation\" src=\"https:\/\/fimel.pt\/wp-content\/uploads\/2018\/01\/Sem-T\u00edtulo-1-2.jpg\" \/><\/span><\/li><li class=\"image\"><span class=\"hover-type-none\"><img role=\"presentation\" src=\"https:\/\/fimel.pt\/wp-content\/uploads\/2018\/01\/lacagem.jpg\" \/><\/span><\/li><li class=\"image\"><span class=\"hover-type-none\"><img role=\"presentation\" src=\"https:\/\/fimel.pt\/wp-content\/uploads\/2018\/01\/Lavadora-de-Imers\u00e3o-01-import.jpg\" \/><\/span><\/li><li class=\"image\"><span class=\"hover-type-none\"><img role=\"presentation\" src=\"https:\/\/fimel.pt\/wp-content\/uploads\/2018\/01\/lavadoras_caixas_plasticas-1.jpg\" \/><\/span><\/li><li class=\"image\"><span class=\"hover-type-none\"><img role=\"presentation\" src=\"https:\/\/fimel.pt\/wp-content\/uploads\/2018\/01\/lavadoras_cesto_rotativo_3d.jpg\" \/><\/span><\/li><\/ul><\/div><\/div><\/div><\/div><div class=\"fusion-clearfix\"><\/div>\n\n\t\t\t\t\t<\/div>\n\t\t\t\t<\/div><div  class=\"fusion-layout-column fusion_builder_column fusion_builder_column_1_6  fusion-one-sixth fusion-column-last 1_6\"  style='margin-top:0px;margin-bottom:20px;width:16.66%;width:calc(16.66% - ( ( 4% + 4% ) * 0.1666 ) );'>\n\t\t\t\t\t<div class=\"fusion-column-wrapper\" style=\"padding: 0px 0px 0px 0px;background-position:left top;background-repeat:no-repeat;-webkit-background-size:cover;-moz-background-size:cover;-o-background-size:cover;background-size:cover;\"  data-bg-url=\"\">\n\t\t\t\t\t\t<div class=\"fusion-clearfix\"><\/div>\n\n\t\t\t\t\t<\/div>\n\t\t\t\t<\/div><\/div><\/div><\/p>\n","protected":false},"excerpt":{"rendered":"","protected":false},"author":1,"featured_media":0,"parent":0,"menu_order":0,"comment_status":"closed","ping_status":"closed","template":"100-width.php","meta":[],"_links":{"self":[{"href":"https:\/\/fimel.pt\/es\/wp-json\/wp\/v2\/pages\/8251"}],"collection":[{"href":"https:\/\/fimel.pt\/es\/wp-json\/wp\/v2\/pages"}],"about":[{"href":"https:\/\/fimel.pt\/es\/wp-json\/wp\/v2\/types\/page"}],"author":[{"embeddable":true,"href":"https:\/\/fimel.pt\/es\/wp-json\/wp\/v2\/users\/1"}],"replies":[{"embeddable":true,"href":"https:\/\/fimel.pt\/es\/wp-json\/wp\/v2\/comments?post=8251"}],"version-history":[{"count":0,"href":"https:\/\/fimel.pt\/es\/wp-json\/wp\/v2\/pages\/8251\/revisions"}],"wp:attachment":[{"href":"https:\/\/fimel.pt\/es\/wp-json\/wp\/v2\/media?parent=8251"}],"curies":[{"name":"wp","href":"https:\/\/api.w.org\/{rel}","templated":true}]}}