{"id":8273,"date":"2018-10-03T13:20:37","date_gmt":"2018-10-03T13:20:37","guid":{"rendered":"https:\/\/fimel.pt\/?page_id=8273"},"modified":"2018-11-20T14:41:16","modified_gmt":"2018-11-20T14:41:16","slug":"energias-renovables","status":"publish","type":"page","link":"https:\/\/fimel.pt\/es\/energias-renovables\/","title":{"rendered":"Energ\u00edas Renovables"},"content":{"rendered":"<p><div class=\"fusion-fullwidth fullwidth-box fusion-parallax-none page-title nonhundred-percent-fullwidth non-hundred-percent-height-scrolling\"  style='background-color: rgba(255,255,255,0);background-image: url(\"https:\/\/fimel.pt\/wp-content\/uploads\/2017\/08\/EnergiaRenovaveis.png\");background-position: center bottom;background-repeat: no-repeat;padding-top:0px;padding-right:0px;padding-bottom:0px;padding-left:0px;margin-bottom: 0px;margin-top: 0px;-webkit-background-size:cover;-moz-background-size:cover;-o-background-size:cover;background-size:cover;'><div class=\"fusion-builder-row fusion-row \"><div  class=\"fusion-layout-column fusion_builder_column fusion_builder_column_1_1  fusion-one-full fusion-column-first fusion-column-last 1_1\"  style='margin-top:0px;margin-bottom:20px;'>\n\t\t\t\t\t<div class=\"fusion-column-wrapper\" style=\"padding: 0px 0px 0px 0px;background-position:left top;background-repeat:no-repeat;-webkit-background-size:cover;-moz-background-size:cover;-o-background-size:cover;background-size:cover;\"  data-bg-url=\"\">\n\t\t\t\t\t\t<div class=\"imageframe-align-center\"><span class=\"fusion-imageframe imageframe-none imageframe-1 hover-type-none area-icon\"><img loading=\"lazy\" src=\"https:\/\/fimel.pt\/wp-content\/uploads\/2017\/08\/energiasrenovaveis.png\" width=\"400\" height=\"400\" alt=\"\" title=\"energiasrenovaveis\" class=\"img-responsive wp-image-8316\" srcset=\"https:\/\/fimel.pt\/wp-content\/uploads\/2017\/08\/energiasrenovaveis-200x200.png 200w, https:\/\/fimel.pt\/wp-content\/uploads\/2017\/08\/energiasrenovaveis.png 400w\" sizes=\"(max-width: 800px) 100vw, 400px\" \/><\/span><\/div><div class=\"xs-spacer30 sm-spacer30\"><\/div><div class=\"fusion-text\"><div class=\"xs-tacenter sm-tacenter\"><span class=\"page-heading\">Energ\u00edas Renovables<\/span><\/div>\n<\/div><div class=\"fusion-clearfix\"><\/div>\n\n\t\t\t\t\t<\/div>\n\t\t\t\t<\/div><\/div><\/div><div class=\"fusion-fullwidth fullwidth-box fusion-parallax-none position-area nonhundred-percent-fullwidth non-hundred-percent-height-scrolling\"  style='background-color: rgba(255,255,255,0);background-image: url(\"https:\/\/fimel.pt\/wp-content\/uploads\/2017\/08\/2\u00aaimagem.png\");background-position: center center;background-repeat: no-repeat;padding-top:0px;padding-right:0px;padding-bottom:0px;padding-left:0px;margin-bottom: 0px;margin-top: 0px;-webkit-background-size:cover;-moz-background-size:cover;-o-background-size:cover;background-size:cover;'><div class=\"fusion-builder-row fusion-row \"><div  class=\"fusion-layout-column fusion_builder_column fusion_builder_column_1_1  fusion-one-full fusion-column-first fusion-column-last 1_1\"  style='margin-top:0px;margin-bottom:20px;'>\n\t\t\t\t\t<div class=\"fusion-column-wrapper\" style=\"padding: 0px 0px 0px 0px;background-position:left top;background-repeat:no-repeat;-webkit-background-size:cover;-moz-background-size:cover;-o-background-size:cover;background-size:cover;\"  data-bg-url=\"\">\n\t\t\t\t\t\t<div class=\"xs-spacer90 sm-spacer150\"><\/div><div class=\"fusion-title title fusion-sep-none fusion-title-size-two fimel-h2-sp\" style=\"margin-top:0px;margin-bottom:31px;\"><h2 class=\"title-heading-left\"><span class=\"fimel-blue\">Energ\u00eda &#8211; Misi\u00f3n de hoy<\/span><\/h2><\/div><div class=\"fusion-builder-row fusion-builder-row-inner fusion-row \"><div  class=\"fusion-layout-column fusion_builder_column fusion_builder_column_1_4  fusion-one-fourth fusion-column-first 1_4\"  style='margin-top: 0px;margin-bottom: 20px;width:25%;width:calc(25% - ( ( 4% + 4% ) * 0.25 ) );margin-right:4%;'><div class=\"fusion-column-wrapper\" style=\"padding: 0px 0px 0px 0px;background-position:left top;background-repeat:no-repeat;-webkit-background-size:cover;-moz-background-size:cover;-o-background-size:cover;background-size:cover;\"  data-bg-url=\"\"><div class=\"fusion-text\"><div><i class=\"fa fa-angle-right fimel-blue fimel-lineH\" aria-hidden=\"true\"><\/i> Sistemas de control de calefacci\u00f3n<\/div>\n<div><i class=\"fa fa-angle-right fimel-blue fimel-lineH\" aria-hidden=\"true\"><\/i> Equipos de calefacci\u00f3n<\/div>\n<div><i class=\"fa fa-angle-right fimel-blue fimel-lineH\" aria-hidden=\"true\"><\/i> M\u00e1quinas de post-curado<\/div>\n<div><i class=\"fa fa-angle-right fimel-blue fimel-lineH\" aria-hidden=\"true\"><\/i> Curando Hornos para Articulaciones de Ra\u00edz<\/div>\n<div><i class=\"fa fa-angle-right fimel-blue fimel-lineH\" aria-hidden=\"true\"><\/i> Unidades de corte rob\u00f3tico<\/div>\n<div><i class=\"fa fa-angle-right fimel-blue fimel-lineH\" aria-hidden=\"true\"><\/i> Unidades de lijado rob\u00f3tico<\/div>\n<\/div><\/div><\/div><div  class=\"fusion-layout-column fusion_builder_column fusion_builder_column_1_4  fusion-one-fourth 1_4\"  style='margin-top: 0px;margin-bottom: 20px;width:25%;width:calc(25% - ( ( 4% + 4% ) * 0.25 ) );margin-right:4%;'><div class=\"fusion-column-wrapper\" style=\"padding: 0px 0px 0px 0px;background-position:left top;background-repeat:no-repeat;-webkit-background-size:cover;-moz-background-size:cover;-o-background-size:cover;background-size:cover;\"  data-bg-url=\"\"><div class=\"fusion-text\"><div><i class=\"fa fa-angle-right fimel-blue fimel-lineH\" aria-hidden=\"true\"><\/i> Unidades de pintura rob\u00f3tica<\/div>\n<div><i class=\"fa fa-angle-right fimel-blue fimel-lineH\" aria-hidden=\"true\"><\/i> M\u00e1quinas de desplazamiento<\/div>\n<div><i class=\"fa fa-angle-right fimel-blue fimel-lineH\" aria-hidden=\"true\"><\/i> Levantadores de red<\/div>\n<div><i class=\"fa fa-angle-right fimel-blue fimel-lineH\" aria-hidden=\"true\"><\/i> M\u00e1quinas mezcladoras de resina<\/div>\n<div><i class=\"fa fa-angle-right fimel-blue fimel-lineH\" aria-hidden=\"true\"><\/i> Unidades de Generaci\u00f3n a Vac\u00edo<\/div>\n<div><i class=\"fa fa-angle-right fimel-blue fimel-lineH\" aria-hidden=\"true\"><\/i> Cabinas de pintura<\/div>\n<div><i class=\"fa fa-angle-right fimel-blue fimel-lineH\" aria-hidden=\"true\"><\/i> Soporte T\u00e9cnico 24H \/ D\u00eda<\/div>\n<\/div><\/div><\/div><div  class=\"fusion-layout-column fusion_builder_column fusion_builder_column_1_2  fusion-one-half fusion-column-last 1_2\"  style='margin-top: 0px;margin-bottom: 20px;width:50%;width:calc(50% - ( ( 4% + 4% ) * 0.5 ) );'><div class=\"fusion-column-wrapper\" style=\"padding: 0px 0px 0px 0px;background-position:left top;background-repeat:no-repeat;-webkit-background-size:cover;-moz-background-size:cover;-o-background-size:cover;background-size:cover;\"  data-bg-url=\"\"><\/div><\/div><\/div><div class=\"fusion-clearfix\"><\/div>\n\n\t\t\t\t\t<\/div>\n\t\t\t\t<\/div><div  class=\"fusion-layout-column fusion_builder_column fusion_builder_column_1_1  fusion-one-full fusion-column-first fusion-column-last 1_1\"  style='margin-top:0px;margin-bottom:20px;'>\n\t\t\t\t\t<div class=\"fusion-column-wrapper\" style=\"padding: 0px 0px 0px 0px;background-position:left top;background-repeat:no-repeat;-webkit-background-size:cover;-moz-background-size:cover;-o-background-size:cover;background-size:cover;\"  data-bg-url=\"\">\n\t\t\t\t\t\t<!--<img class=\"append-right\" src=\"..\/wp-content\/uploads\/2017\/07\/append-right.png\"\/>--><div class=\"fusion-clearfix\"><\/div>\n\n\t\t\t\t\t<\/div>\n\t\t\t\t<\/div><div  class=\"fusion-layout-column fusion_builder_column fusion_builder_column_1_1  fusion-one-full fusion-column-first fusion-column-last 1_1\"  style='margin-top:0px;margin-bottom:20px;'>\n\t\t\t\t\t<div class=\"fusion-column-wrapper\" style=\"padding: 0px 0px 0px 0px;background-position:left top;background-repeat:no-repeat;-webkit-background-size:cover;-moz-background-size:cover;-o-background-size:cover;background-size:cover;\"  data-bg-url=\"\">\n\t\t\t\t\t\t<div class=\"xs-spacer90 sm-spacer150\"><\/div><div class=\"fusion-clearfix\"><\/div>\n\n\t\t\t\t\t<\/div>\n\t\t\t\t<\/div><\/div><\/div><div class=\"fusion-fullwidth fullwidth-box fimel-certification nonhundred-percent-fullwidth non-hundred-percent-height-scrolling\"  style='background-color: #01b2bb;background-position: center center;background-repeat: no-repeat;padding-top:0px;padding-right:0px;padding-bottom:0px;padding-left:0px;margin-bottom: 150px;'><div class=\"fusion-builder-row fusion-row \"><div  class=\"fusion-layout-column fusion_builder_column fusion_builder_column_1_1  fusion-one-full fusion-column-first fusion-column-last 1_1\"  style='margin-top:0px;margin-bottom:20px;'>\n\t\t\t\t\t<div class=\"fusion-column-wrapper\" style=\"padding: 0px 0px 0px 0px;background-position:left top;background-repeat:no-repeat;-webkit-background-size:cover;-moz-background-size:cover;-o-background-size:cover;background-size:cover;\"  data-bg-url=\"\">\n\t\t\t\t\t\t<div class=\"fusion-text\"><div class=\"xs-spacer30 sm-spacer60\"><\/div>\n<\/div><div class=\"fusion-clearfix\"><\/div>\n\n\t\t\t\t\t<\/div>\n\t\t\t\t<\/div><div  class=\"fusion-layout-column fusion_builder_column fusion_builder_column_1_1  fusion-one-full fusion-column-first fusion-column-last 1_1\"  style='margin-top:0px;margin-bottom:20px;'>\n\t\t\t\t\t<div class=\"fusion-column-wrapper\" style=\"padding: 0px 0px 0px 0px;background-position:left top;background-repeat:no-repeat;-webkit-background-size:cover;-moz-background-size:cover;-o-background-size:cover;background-size:cover;\"  data-bg-url=\"\">\n\t\t\t\t\t\t<div class=\"fusion-title title fusion-sep-none fusion-title-size-two fimel-h2-sp\" style=\"margin-top:0px;margin-bottom:31px;\"><h2 class=\"title-heading-left\"><span class=\"fimel-white\">Certificaci\u00f3n<\/span><\/h2><\/div><div class=\"fusion-clearfix\"><\/div>\n\n\t\t\t\t\t<\/div>\n\t\t\t\t<\/div><div  class=\"fusion-layout-column fusion_builder_column fusion_builder_column_1_2  fusion-one-half fusion-column-first 1_2\"  style='margin-top:0px;margin-bottom:20px;width:50%;width:calc(50% - ( ( 4% ) * 0.5 ) );margin-right: 4%;'>\n\t\t\t\t\t<div class=\"fusion-column-wrapper\" style=\"padding: 0px 0px 0px 0px;background-position:left top;background-repeat:no-repeat;-webkit-background-size:cover;-moz-background-size:cover;-o-background-size:cover;background-size:cover;\"  data-bg-url=\"\">\n\t\t\t\t\t\t<div class=\"fusion-builder-row fusion-builder-row-inner fusion-row \"><div  class=\"fusion-layout-column fusion_builder_column fusion_builder_column_1_3  fusion-one-third fusion-column-first 1_3\"  style='margin-top: 0px;margin-bottom: 20px;width:33.33%;width:calc(33.33% - ( ( 4% + 4% ) * 0.3333 ) );margin-right:4%;'><div class=\"fusion-column-wrapper\" style=\"padding: 0px 0px 0px 0px;background-position:left top;background-repeat:no-repeat;-webkit-background-size:cover;-moz-background-size:cover;-o-background-size:cover;background-size:cover;\"  data-bg-url=\"\"><div class=\"imageframe-align-center\"><span class=\"fusion-imageframe imageframe-none imageframe-2 hover-type-none\"><img loading=\"lazy\" src=\"https:\/\/fimel.pt\/wp-content\/uploads\/2017\/08\/logo2-300x300.png\" width=\"300\" height=\"300\" alt=\"\" title=\"logo2\" class=\"img-responsive wp-image-8278\" srcset=\"https:\/\/fimel.pt\/wp-content\/uploads\/2017\/08\/logo2-200x200.png 200w, https:\/\/fimel.pt\/wp-content\/uploads\/2017\/08\/logo2.png 400w\" sizes=\"(max-width: 800px) 100vw, 300px\" \/><\/span><\/div><div class=\"fusion-text\"><div class=\"xs-spacer15 sm-spacer30\"><\/div>\n<\/div><div class=\"fusion-text\"><div class=\"xs-tacenter sm-tacenter fimel-fontT\">Kaizen: Mejora Continua<\/div>\n<\/div><\/div><\/div><div  class=\"fusion-layout-column fusion_builder_column fusion_builder_column_1_3  fusion-one-third 1_3\"  style='margin-top: 0px;margin-bottom: 20px;width:33.33%;width:calc(33.33% - ( ( 4% + 4% ) * 0.3333 ) );margin-right:4%;'><div class=\"fusion-column-wrapper\" style=\"padding: 0px 0px 0px 0px;background-position:left top;background-repeat:no-repeat;-webkit-background-size:cover;-moz-background-size:cover;-o-background-size:cover;background-size:cover;\"  data-bg-url=\"\"><div class=\"imageframe-align-center\"><span class=\"fusion-imageframe imageframe-none imageframe-3 hover-type-none\"><img loading=\"lazy\" src=\"https:\/\/fimel.pt\/wp-content\/uploads\/2017\/08\/logo3-300x300.png\" width=\"300\" height=\"300\" alt=\"\" title=\"logo3\" class=\"img-responsive wp-image-8279\" srcset=\"https:\/\/fimel.pt\/wp-content\/uploads\/2017\/08\/logo3-200x200.png 200w, https:\/\/fimel.pt\/wp-content\/uploads\/2017\/08\/logo3.png 400w\" sizes=\"(max-width: 800px) 100vw, 300px\" \/><\/span><\/div><div class=\"fusion-text\"><div class=\"xs-spacer15 sm-spacer30\"><\/div>\n<\/div><div class=\"fusion-text\"><div class=\"xs-tacenter sm-tacenter fimel-fontT\">Industria<\/div>\n<\/div><\/div><\/div><div  class=\"fusion-layout-column fusion_builder_column fusion_builder_column_1_3  fusion-one-third fusion-column-last 1_3\"  style='margin-top: 0px;margin-bottom: 20px;width:33.33%;width:calc(33.33% - ( ( 4% + 4% ) * 0.3333 ) );'><div class=\"fusion-column-wrapper\" style=\"padding: 0px 0px 0px 0px;background-position:left top;background-repeat:no-repeat;-webkit-background-size:cover;-moz-background-size:cover;-o-background-size:cover;background-size:cover;\"  data-bg-url=\"\"><div class=\"imageframe-align-center\"><span class=\"fusion-imageframe imageframe-none imageframe-4 hover-type-none\"><img loading=\"lazy\" src=\"https:\/\/fimel.pt\/wp-content\/uploads\/2017\/08\/logo1-300x300.png\" width=\"300\" height=\"300\" alt=\"\" title=\"logo1\" class=\"img-responsive wp-image-8280\" srcset=\"https:\/\/fimel.pt\/wp-content\/uploads\/2017\/08\/logo1-200x200.png 200w, https:\/\/fimel.pt\/wp-content\/uploads\/2017\/08\/logo1.png 400w\" sizes=\"(max-width: 800px) 100vw, 300px\" \/><\/span><\/div><div class=\"fusion-text\"><div class=\"xs-spacer15 sm-spacer30\"><\/div>\n<\/div><div class=\"fusion-text\"><div class=\"xs-tacenter sm-tacenter fimel-fontT\">ISO 9001<\/div>\n<\/div><\/div><\/div><\/div><div class=\"fusion-clearfix\"><\/div>\n\n\t\t\t\t\t<\/div>\n\t\t\t\t<\/div><div  class=\"fusion-layout-column fusion_builder_column fusion_builder_column_1_2  fusion-one-half fusion-column-last 1_2\"  style='margin-top:0px;margin-bottom:20px;width:50%;width:calc(50% - ( ( 4% ) * 0.5 ) );'>\n\t\t\t\t\t<div class=\"fusion-column-wrapper\" style=\"padding: 0px 0px 0px 0px;background-position:left top;background-repeat:no-repeat;-webkit-background-size:cover;-moz-background-size:cover;-o-background-size:cover;background-size:cover;\"  data-bg-url=\"\">\n\t\t\t\t\t\t<span style=\"margin-left:25px;float:right;\" class=\"fusion-imageframe imageframe-none imageframe-5 hover-type-none\"><img loading=\"lazy\" src=\"https:\/\/fimel.pt\/wp-content\/uploads\/2017\/08\/certificado.png\" width=\"656\" height=\"461\" alt=\"\" title=\"certificado\" class=\"img-responsive wp-image-8289\" srcset=\"https:\/\/fimel.pt\/wp-content\/uploads\/2017\/08\/certificado-200x141.png 200w, https:\/\/fimel.pt\/wp-content\/uploads\/2017\/08\/certificado-400x281.png 400w, https:\/\/fimel.pt\/wp-content\/uploads\/2017\/08\/certificado-600x422.png 600w, https:\/\/fimel.pt\/wp-content\/uploads\/2017\/08\/certificado.png 656w\" sizes=\"(max-width: 800px) 100vw, 600px\" \/><\/span><div class=\"fusion-clearfix\"><\/div>\n\n\t\t\t\t\t<\/div>\n\t\t\t\t<\/div><div  class=\"fusion-layout-column fusion_builder_column fusion_builder_column_1_1  fusion-one-full fusion-column-first fusion-column-last 1_1\"  style='margin-top:0px;margin-bottom:20px;'>\n\t\t\t\t\t<div class=\"fusion-column-wrapper\" style=\"padding: 0px 0px 0px 0px;background-position:left top;background-repeat:no-repeat;-webkit-background-size:cover;-moz-background-size:cover;-o-background-size:cover;background-size:cover;\"  data-bg-url=\"\">\n\t\t\t\t\t\t<div class=\"fusion-text\"><div class=\"xs-spacer15 sm-spacer30\"><\/div>\n<\/div><div class=\"fusion-clearfix\"><\/div>\n\n\t\t\t\t\t<\/div>\n\t\t\t\t<\/div><\/div><\/div><div class=\"fusion-fullwidth fullwidth-box nonhundred-percent-fullwidth non-hundred-percent-height-scrolling\"  style='background-color: rgba(255,255,255,0);background-position: center center;background-repeat: no-repeat;padding-top:0px;padding-right:0px;padding-bottom:0px;padding-left:0px;margin-bottom: 150px;'><div class=\"fusion-builder-row fusion-row \"><div  class=\"fusion-layout-column fusion_builder_column fusion_builder_column_1_3  fusion-one-third fusion-column-first fimel-parent-area 1_3\"  style='margin-top:0px;margin-bottom:20px;width:33.33%;width:calc(33.33% - ( ( 4% + 4% ) * 0.3333 ) );margin-right: 4%;'>\n\t\t\t\t\t<div class=\"fusion-column-wrapper\" style=\"padding: 0px 0px 0px 0px;background-position:left top;background-repeat:no-repeat;-webkit-background-size:cover;-moz-background-size:cover;-o-background-size:cover;background-size:cover;\"  data-bg-url=\"\">\n\t\t\t\t\t\t<div class=\"fusion-builder-row fusion-builder-row-inner fusion-row \"><div  class=\"fusion-layout-column fusion_builder_column fusion_builder_column_1_2  fusion-one-half fusion-column-first fimel-parent-img 1_2\"  style='margin-top: 0px;margin-bottom: 20px;width:50%;width:calc(50% - ( ( 4% ) * 0.5 ) );margin-right:4%;'><div class=\"fusion-column-wrapper\" style=\"padding: 0px 0px 0px 0px;background-position:left top;background-repeat:no-repeat;-webkit-background-size:cover;-moz-background-size:cover;-o-background-size:cover;background-size:cover;\"  data-bg-url=\"\"><span class=\"fusion-imageframe imageframe-none imageframe-6 hover-type-none fimel-img-years\"><img loading=\"lazy\" src=\"https:\/\/fimel.pt\/wp-content\/uploads\/2017\/08\/Icone-1-1-150x150.png\" width=\"150\" height=\"150\" alt=\"\" title=\"Icone-1\" class=\"img-responsive wp-image-8285\" srcset=\"https:\/\/fimel.pt\/wp-content\/uploads\/2017\/08\/Icone-1-1-200x200.png 200w, https:\/\/fimel.pt\/wp-content\/uploads\/2017\/08\/Icone-1-1.png 400w\" sizes=\"(max-width: 800px) 100vw, 150px\" \/><\/span><\/div><\/div><div  class=\"fusion-layout-column fusion_builder_column fusion_builder_column_1_2  fusion-one-half fusion-column-last fimel-parent-years 1_2\"  style='margin-top: 0px;margin-bottom: 20px;width:50%;width:calc(50% - ( ( 4% ) * 0.5 ) );'><div class=\"fusion-column-wrapper\" style=\"padding: 0px 0px 0px 0px;background-position:left top;background-repeat:no-repeat;-webkit-background-size:cover;-moz-background-size:cover;-o-background-size:cover;background-size:cover;\"  data-bg-url=\"\"><div class=\"fusion-text\"><div class=\"fimel-years fimel-years-bold\">35<\/div>\n<div class=\"fimel-years\">A\u00f1os<\/div>\n<\/div><\/div><\/div><\/div><div class=\"fusion-text\"><div class=\"xs-spacer15 sm-spacer15\"><\/div>\n<\/div><div class=\"fusion-text\"><div class=\"xs-tacenter sm-tacenter fimel-text\">M\u00e1s de 30 a\u00f1os de experiencia en sistemas de calefacci\u00f3n y automatizaci\u00f3n industrial<\/div>\n<\/div><div class=\"fusion-clearfix\"><\/div>\n\n\t\t\t\t\t<\/div>\n\t\t\t\t<\/div><div  class=\"fusion-layout-column fusion_builder_column fusion_builder_column_1_3  fusion-one-third fimel-parent-area 1_3\"  style='margin-top:0px;margin-bottom:20px;width:33.33%;width:calc(33.33% - ( ( 4% + 4% ) * 0.3333 ) );margin-right: 4%;'>\n\t\t\t\t\t<div class=\"fusion-column-wrapper\" style=\"padding: 0px 0px 0px 0px;background-position:left top;background-repeat:no-repeat;-webkit-background-size:cover;-moz-background-size:cover;-o-background-size:cover;background-size:cover;\"  data-bg-url=\"\">\n\t\t\t\t\t\t<div class=\"fusion-builder-row fusion-builder-row-inner fusion-row \"><div  class=\"fusion-layout-column fusion_builder_column fusion_builder_column_1_2  fusion-one-half fusion-column-first fimel-parent-img 1_2\"  style='margin-top: 0px;margin-bottom: 20px;width:50%;width:calc(50% - ( ( 4% ) * 0.5 ) );margin-right:4%;'><div class=\"fusion-column-wrapper\" style=\"padding: 0px 0px 0px 0px;background-position:left top;background-repeat:no-repeat;-webkit-background-size:cover;-moz-background-size:cover;-o-background-size:cover;background-size:cover;\"  data-bg-url=\"\"><span class=\"fusion-imageframe imageframe-none imageframe-7 hover-type-none fimel-img-years\"><img loading=\"lazy\" src=\"https:\/\/fimel.pt\/wp-content\/uploads\/2017\/08\/Icone-2-1-150x150.png\" width=\"150\" height=\"150\" alt=\"\" title=\"Icone-2\" class=\"img-responsive wp-image-8286\" srcset=\"https:\/\/fimel.pt\/wp-content\/uploads\/2017\/08\/Icone-2-1-200x200.png 200w, https:\/\/fimel.pt\/wp-content\/uploads\/2017\/08\/Icone-2-1.png 400w\" sizes=\"(max-width: 800px) 100vw, 150px\" \/><\/span><\/div><\/div><div  class=\"fusion-layout-column fusion_builder_column fusion_builder_column_1_2  fusion-one-half fusion-column-last fimel-parent-years 1_2\"  style='margin-top: 0px;margin-bottom: 20px;width:50%;width:calc(50% - ( ( 4% ) * 0.5 ) );'><div class=\"fusion-column-wrapper\" style=\"padding: 0px 0px 0px 0px;background-position:left top;background-repeat:no-repeat;-webkit-background-size:cover;-moz-background-size:cover;-o-background-size:cover;background-size:cover;\"  data-bg-url=\"\"><div class=\"fusion-text\"><div class=\"fimel-years fimel-years-bold\">10<\/div>\n<div class=\"fimel-years\">A\u00f1os<\/div>\n<\/div><\/div><\/div><\/div><div class=\"fusion-text\"><div class=\"xs-spacer15 sm-spacer15\"><\/div>\n<\/div><div class=\"fusion-text\"><div class=\"xs-tacenter sm-tacenter fimel-text\">Casi 10 a\u00f1os en la industria de la energ\u00eda e\u00f3lica<\/div>\n<\/div><div class=\"fusion-clearfix\"><\/div>\n\n\t\t\t\t\t<\/div>\n\t\t\t\t<\/div><div  class=\"fusion-layout-column fusion_builder_column fusion_builder_column_1_3  fusion-one-third fusion-column-last fimel-parent-area 1_3\"  style='margin-top:0px;margin-bottom:20px;width:33.33%;width:calc(33.33% - ( ( 4% + 4% ) * 0.3333 ) );'>\n\t\t\t\t\t<div class=\"fusion-column-wrapper\" style=\"padding: 0px 0px 0px 0px;background-position:left top;background-repeat:no-repeat;-webkit-background-size:cover;-moz-background-size:cover;-o-background-size:cover;background-size:cover;\"  data-bg-url=\"\">\n\t\t\t\t\t\t<div class=\"fusion-builder-row fusion-builder-row-inner fusion-row \"><div  class=\"fusion-layout-column fusion_builder_column fusion_builder_column_1_2  fusion-one-half fusion-column-first fimel-parent-img 1_2\"  style='margin-top: 0px;margin-bottom: 20px;width:50%;width:calc(50% - ( ( 4% ) * 0.5 ) );margin-right:4%;'><div class=\"fusion-column-wrapper\" style=\"padding: 0px 0px 0px 0px;background-position:left top;background-repeat:no-repeat;-webkit-background-size:cover;-moz-background-size:cover;-o-background-size:cover;background-size:cover;\"  data-bg-url=\"\"><span class=\"fusion-imageframe imageframe-none imageframe-8 hover-type-none fimel-img-years\"><img loading=\"lazy\" src=\"https:\/\/fimel.pt\/wp-content\/uploads\/2017\/08\/Icone-3-1-150x150.png\" width=\"150\" height=\"150\" alt=\"\" title=\"Icone-3\" class=\"img-responsive wp-image-8284\" srcset=\"https:\/\/fimel.pt\/wp-content\/uploads\/2017\/08\/Icone-3-1-200x200.png 200w, https:\/\/fimel.pt\/wp-content\/uploads\/2017\/08\/Icone-3-1.png 400w\" sizes=\"(max-width: 800px) 100vw, 150px\" \/><\/span><\/div><\/div><div  class=\"fusion-layout-column fusion_builder_column fusion_builder_column_1_2  fusion-one-half fusion-column-last fimel-parent-years 1_2\"  style='margin-top: 0px;margin-bottom: 20px;width:50%;width:calc(50% - ( ( 4% ) * 0.5 ) );'><div class=\"fusion-column-wrapper\" style=\"padding: 0px 0px 0px 0px;background-position:left top;background-repeat:no-repeat;-webkit-background-size:cover;-moz-background-size:cover;-o-background-size:cover;background-size:cover;\"  data-bg-url=\"\"><div class=\"fusion-text\"><div class=\"fimel-years fimel-years-bold\">120<\/div>\n<div class=\"fimel-years\">Trabajadores<\/div>\n<\/div><\/div><\/div><\/div><div class=\"fusion-text\"><div class=\"xs-spacer15 sm-spacer15\"><\/div>\n<\/div><div class=\"fusion-text\"><div class=\"xs-tacenter sm-tacenter fimel-text\">Empresa s\u00f3lida con m\u00e1s de 120 trabajadores<\/div>\n<\/div><div class=\"fusion-clearfix\"><\/div>\n\n\t\t\t\t\t<\/div>\n\t\t\t\t<\/div><\/div><\/div><\/p>\n","protected":false},"excerpt":{"rendered":"","protected":false},"author":1,"featured_media":0,"parent":0,"menu_order":0,"comment_status":"closed","ping_status":"closed","template":"100-width.php","meta":[],"_links":{"self":[{"href":"https:\/\/fimel.pt\/es\/wp-json\/wp\/v2\/pages\/8273"}],"collection":[{"href":"https:\/\/fimel.pt\/es\/wp-json\/wp\/v2\/pages"}],"about":[{"href":"https:\/\/fimel.pt\/es\/wp-json\/wp\/v2\/types\/page"}],"author":[{"embeddable":true,"href":"https:\/\/fimel.pt\/es\/wp-json\/wp\/v2\/users\/1"}],"replies":[{"embeddable":true,"href":"https:\/\/fimel.pt\/es\/wp-json\/wp\/v2\/comments?post=8273"}],"version-history":[{"count":0,"href":"https:\/\/fimel.pt\/es\/wp-json\/wp\/v2\/pages\/8273\/revisions"}],"wp:attachment":[{"href":"https:\/\/fimel.pt\/es\/wp-json\/wp\/v2\/media?parent=8273"}],"curies":[{"name":"wp","href":"https:\/\/api.w.org\/{rel}","templated":true}]}}