{"id":8978,"date":"2018-10-09T09:27:43","date_gmt":"2018-10-09T09:27:43","guid":{"rendered":"https:\/\/fimel.pt\/?page_id=8978"},"modified":"2018-11-20T14:16:15","modified_gmt":"2018-11-20T14:16:15","slug":"servicios","status":"publish","type":"page","link":"https:\/\/fimel.pt\/es\/servicios\/","title":{"rendered":"Servicios"},"content":{"rendered":"<p><div class=\"fusion-fullwidth fullwidth-box fusion-parallax-none page-title hundred-percent-fullwidth non-hundred-percent-height-scrolling fusion-equal-height-columns\"  style='background-color: rgba(255,255,255,0);background-image: url(\"https:\/\/fimel.pt\/wp-content\/uploads\/2017\/07\/banner-1.png\");background-position: center center;background-repeat: no-repeat;margin-bottom: 0px;margin-top: 0px;-webkit-background-size:cover;-moz-background-size:cover;-o-background-size:cover;background-size:cover;'><div class=\"fusion-builder-row fusion-row \"><div  class=\"fusion-layout-column fusion_builder_column fusion_builder_column_1_1  fusion-one-full fusion-column-first fusion-column-last title-area 1_1\"  style='margin-top:0px;margin-bottom:0px;'>\n\t\t\t\t\t<div class=\"fusion-column-wrapper\" style=\"padding: 0px 0px 0px 0px;background-position:center top;background-repeat:no-repeat;-webkit-background-size:cover;-moz-background-size:cover;-o-background-size:cover;background-size:cover;\"  data-bg-url=\"\">\n\t\t\t\t\t\t<div class=\"fusion-text\"><p style=\"text-align: center;\"><span class=\"page-heading\">Servicios<\/span><\/p>\n<\/div><div class=\"append-bottom\"><img src=\"..\/..\/wp-content\/uploads\/2017\/07\/lower-title-white_2-1.png\" \/><\/div><div class=\"fusion-clearfix\"><\/div>\n\n\t\t\t\t\t<\/div>\n\t\t\t\t<\/div><\/div><\/div><div class=\"fusion-fullwidth fullwidth-box nonhundred-percent-fullwidth non-hundred-percent-height-scrolling\"  style='background-color: rgba(255,255,255,0);background-position: center center;background-repeat: no-repeat;padding-top:0px;padding-right:0px;padding-bottom:0px;padding-left:0px;'><div class=\"fusion-builder-row fusion-row \"><div  class=\"fusion-layout-column fusion_builder_column fusion_builder_column_1_1  fusion-one-full fusion-column-first fusion-column-last 1_1\"  style='margin-top:0px;margin-bottom:20px;'>\n\t\t\t\t\t<div class=\"fusion-column-wrapper\" style=\"padding: 0px 0px 0px 0px;background-position:left top;background-repeat:no-repeat;-webkit-background-size:cover;-moz-background-size:cover;-o-background-size:cover;background-size:cover;\"  data-bg-url=\"\">\n\t\t\t\t\t\t<div class=\"xs-spacer60 sm-spacer90\"><\/div><div class=\"fusion-clearfix\"><\/div>\n\n\t\t\t\t\t<\/div>\n\t\t\t\t<\/div><div  class=\"fusion-layout-column fusion_builder_column fusion_builder_column_1_1  fusion-one-full fusion-column-first fusion-column-last 1_1\"  style='margin-top:0px;margin-bottom:20px;'>\n\t\t\t\t\t<div class=\"fusion-column-wrapper\" style=\"padding: 0px 0px 0px 0px;background-position:left top;background-repeat:no-repeat;-webkit-background-size:cover;-moz-background-size:cover;-o-background-size:cover;background-size:cover;\"  data-bg-url=\"\">\n\t\t\t\t\t\t<div class=\"fusion-tabs fusion-tabs-1 clean services-tabs vertical-tabs icon-position-left\"><style type=\"text\/css\">#wrapper .fusion-tabs.fusion-tabs-1.clean .nav-tabs li a{border-color:#ebeaea;}.fusion-tabs.fusion-tabs-1 .nav-tabs li a{background-color:#ebeaea;}.fusion-tabs.fusion-tabs-1 .nav-tabs li.active a,.fusion-tabs.fusion-tabs-1 .nav-tabs li.active a:hover,.fusion-tabs.fusion-tabs-1 .nav-tabs li.active a:focus{background-color:#ffffff;}.fusion-tabs.fusion-tabs-1 .nav-tabs li a:hover{background-color:#ffffff;border-top-color:#ffffff;}.fusion-tabs.fusion-tabs-1 .tab-pane{background-color:#ffffff;}.fusion-tabs.fusion-tabs-1 .nav,.fusion-tabs.fusion-tabs-1 .nav-tabs,.fusion-tabs.fusion-tabs-1 .tab-content .tab-pane{border-color:#ebeaea;}<\/style><div class=\"nav\"><ul class=\"nav-tabs\"><li class=\"active\"><a class=\"tab-link\" data-toggle=\"tab\" id=\"fusion-tab-pintura\" href=\"#tab-9c1bd0dab65f3e2b97a\"><h4 class=\"fusion-tab-heading\">Pintura<\/h4><\/a><\/li><li><a class=\"tab-link\" data-toggle=\"tab\" id=\"fusion-tab-asistenciat\u00e9cnica\" href=\"#tab-4df4ac5d39423af70af\"><h4 class=\"fusion-tab-heading\">Asistencia T\u00e9cnica<\/h4><\/a><\/li><li><a class=\"tab-link\" data-toggle=\"tab\" id=\"fusion-tab-montajedecuadrosel\u00e9ctricos\" href=\"#tab-ddf2e01a07167f785b6\"><h4 class=\"fusion-tab-heading\">Montaje de Cuadros El\u00e9ctricos<\/h4><\/a><\/li><li><a class=\"tab-link\" data-toggle=\"tab\" id=\"fusion-tab-punzonado\" href=\"#tab-7fd463123bbeb62f564\"><h4 class=\"fusion-tab-heading\">Punzonado<\/h4><\/a><\/li><\/ul><\/div><div class=\"tab-content\"><div class=\"nav fusion-mobile-tab-nav\"><ul class=\"nav-tabs\"><li class=\"active\"><a class=\"tab-link\" data-toggle=\"tab\" id=\"mobile-fusion-tab-pintura\" href=\"#tab-9c1bd0dab65f3e2b97a\"><h4 class=\"fusion-tab-heading\">Pintura<\/h4><\/a><\/li><\/ul><\/div><div class=\"tab-pane fade fusion-clearfix in active\" id=\"tab-9c1bd0dab65f3e2b97a\">\n<div class=\"heading icon-left\">\n<h3 class=\"content-box-heading\" data-inline-fontsize=\"true\" data-inline-lineheight=\"true\" data-fontsize=\"18\" data-lineheight=\"23\">PINTURA<\/h3>\n<\/div>\n<div class=\"fusion-clearfix\"><\/div>\n<div class=\"content-container\">\n<h2><strong>FIMEL posee en sus instalaciones tres l\u00edneas completas de pintura electrost\u00e1tica en polvo para pintar piezas para clientes. <\/strong><\/h2>\n<div class=\"fusion-builder-row fusion-builder-row-inner fusion-row \"><div  class=\"fusion-layout-column fusion_builder_column fusion_builder_column_1_2  fusion-one-half fusion-column-first 1_2\"  style='margin-top: 0px;margin-bottom: 20px;width:50%;width:calc(50% - ( ( 4% ) * 0.5 ) );margin-right:4%;'><div class=\"fusion-column-wrapper\" style=\"background-position:left top;background-repeat:no-repeat;-webkit-background-size:cover;-moz-background-size:cover;-o-background-size:cover;background-size:cover;\"  data-bg-url=\"\"><div class=\"fusion-text\"><ul style=\"font-size: 18px; color: #666; line-height: 36px;\">\n<li>Pinturas en polvo (multimetal);<\/li>\n<li>Velocidades 3 y 4 m\/minuto;<\/li>\n<li>Pintura de piezas con hasta 12m de longitud;<\/li>\n<li>Lacado de Aluminio.<\/li>\n<\/ul>\n<\/div><div class=\"fusion-text\"><\/div> <\/div><\/div><div  class=\"fusion-layout-column fusion_builder_column fusion_builder_column_1_2  fusion-one-half fusion-column-last 1_2\"  style='margin-top: 0px;margin-bottom: 20px;width:50%;width:calc(50% - ( ( 4% ) * 0.5 ) );'><div class=\"fusion-column-wrapper\" style=\"background-position:left top;background-repeat:no-repeat;-webkit-background-size:cover;-moz-background-size:cover;-o-background-size:cover;background-size:cover;\"  data-bg-url=\"\"><div class=\"imageframe-align-center\"><span style=\"-moz-box-shadow: 2px 3px 7px rgba(0,0,0,.3);-webkit-box-shadow: 2px 3px 7px rgba(0,0,0,.3);box-shadow: 2px 3px 7px rgba(0,0,0,.3);\" class=\"fusion-imageframe imageframe-dropshadow imageframe-1 hover-type-zoomin\"><img loading=\"lazy\" src=\"https:\/\/fimel.pt\/wp-content\/uploads\/2017\/07\/sub-1.jpg\" width=\"598\" height=\"478\" alt=\"\" title=\"sub-1\" class=\"img-responsive wp-image-8981\" srcset=\"https:\/\/fimel.pt\/wp-content\/uploads\/2017\/07\/sub-1-200x160.jpg 200w, https:\/\/fimel.pt\/wp-content\/uploads\/2017\/07\/sub-1-400x320.jpg 400w, https:\/\/fimel.pt\/wp-content\/uploads\/2017\/07\/sub-1.jpg 598w\" sizes=\"(max-width: 800px) 100vw, 598px\" \/><\/span><\/div><\/div><\/div><\/div>\n<p>Esta divisi\u00f3n de la empresa tiene estructuras de respuesta r\u00e1pida que permiten efectuar la pintura de los productos de los clientes en tiempo record. Fimel tiene capacidad para pintar piezas de gran envergadura, que pueden atingir 12 metros de longitud.<\/p>\n<p>En Fimel podemos hacer ajustes de color r\u00e1pidamente, reduciendo los tiempos de espera de nuestros clientes. De este modo respondemos con prontitud a las solicitaciones que tenemos y aseguramos calidad en una amplia gama de servicios. <\/p>\n<p> Fimel tambi\u00e9n tiene capacidad y tecnolog\u00eda para efectuar servicios de lacado de aluminio, con rapidez y calidad.<\/p>\n<\/div>\n<style type=\"text\/css\" scoped=\"scoped\">.fusion-gallery-1 .fusion-gallery-image {border:0px solid #f6f6f6;}<\/style><div class=\"fusion-gallery fusion-gallery-container fusion-grid-3 fusion-columns-total-3 fusion-gallery-layout-grid fusion-gallery-1 service-gallery\" style=\"margin:-5px;\"><div style=\"padding:5px;\" class=\"fusion-grid-column fusion-gallery-column fusion-gallery-column-3 hover-type-zoomin\"><div class=\"fusion-gallery-image\"><a href=\"https:\/\/fimel.pt\/wp-content\/uploads\/2017\/07\/1-1.jpg\" class=\"fusion-lightbox\" data-rel=\"iLightbox[1ffb1af7987f6411a54]\"><img loading=\"lazy\" width=\"460\" height=\"295\" src=\"https:\/\/fimel.pt\/wp-content\/uploads\/2017\/07\/1-1-460x295.jpg\" alt=\"\" title=\"1\" aria-label=\"1\" class=\"img-responsive wp-image-1808\" \/><\/a><\/div><\/div><div style=\"padding:5px;\" class=\"fusion-grid-column fusion-gallery-column fusion-gallery-column-3 hover-type-zoomin\"><div class=\"fusion-gallery-image\"><a href=\"https:\/\/fimel.pt\/wp-content\/uploads\/2017\/07\/2-1.jpg\" class=\"fusion-lightbox\" data-rel=\"iLightbox[1ffb1af7987f6411a54]\"><img loading=\"lazy\" width=\"431\" height=\"295\" src=\"https:\/\/fimel.pt\/wp-content\/uploads\/2017\/07\/2-1-431x295.jpg\" alt=\"\" title=\"2\" aria-label=\"2\" class=\"img-responsive wp-image-1809\" \/><\/a><\/div><\/div><div style=\"padding:5px;\" class=\"fusion-grid-column fusion-gallery-column fusion-gallery-column-3 hover-type-zoomin\"><div class=\"fusion-gallery-image\"><a href=\"https:\/\/fimel.pt\/wp-content\/uploads\/2017\/07\/3-1.jpg\" class=\"fusion-lightbox\" data-rel=\"iLightbox[1ffb1af7987f6411a54]\"><img loading=\"lazy\" width=\"460\" height=\"295\" src=\"https:\/\/fimel.pt\/wp-content\/uploads\/2017\/07\/3-1-460x295.jpg\" alt=\"\" title=\"3\" aria-label=\"3\" class=\"img-responsive wp-image-1810\" \/><\/a><\/div><\/div><div class=\"clearfix\"><\/div><\/div><style type=\"text\/css\" scoped=\"scoped\">.fusion-gallery-2 .fusion-gallery-image {border:0px solid #f6f6f6;}<\/style><div class=\"fusion-gallery fusion-gallery-container fusion-grid-3 fusion-columns-total-3 fusion-gallery-layout-grid fusion-gallery-2 service-gallery\" style=\"margin:-5px;\"><div style=\"padding:5px;\" class=\"fusion-grid-column fusion-gallery-column fusion-gallery-column-3 hover-type-zoomin\"><div class=\"fusion-gallery-image\"><a href=\"https:\/\/fimel.pt\/wp-content\/uploads\/2017\/07\/4.jpg\" class=\"fusion-lightbox\" data-rel=\"iLightbox[a74db6face9a5b4becc]\"><img loading=\"lazy\" width=\"460\" height=\"295\" src=\"https:\/\/fimel.pt\/wp-content\/uploads\/2017\/07\/4-460x295.jpg\" alt=\"\" title=\"4\" aria-label=\"4\" class=\"img-responsive wp-image-1811\" \/><\/a><\/div><\/div><div style=\"padding:5px;\" class=\"fusion-grid-column fusion-gallery-column fusion-gallery-column-3 hover-type-zoomin\"><div class=\"fusion-gallery-image\"><a href=\"https:\/\/fimel.pt\/wp-content\/uploads\/2017\/07\/6.jpg\" class=\"fusion-lightbox\" data-rel=\"iLightbox[a74db6face9a5b4becc]\"><img loading=\"lazy\" width=\"444\" height=\"295\" src=\"https:\/\/fimel.pt\/wp-content\/uploads\/2017\/07\/6-444x295.jpg\" alt=\"\" title=\"6\" aria-label=\"6\" class=\"img-responsive wp-image-1813\" \/><\/a><\/div><\/div><div style=\"padding:5px;\" class=\"fusion-grid-column fusion-gallery-column fusion-gallery-column-3 hover-type-zoomin\"><div class=\"fusion-gallery-image\"><a href=\"https:\/\/fimel.pt\/wp-content\/uploads\/2017\/07\/5.jpg\" class=\"fusion-lightbox\" data-rel=\"iLightbox[a74db6face9a5b4becc]\"><img loading=\"lazy\" width=\"447\" height=\"671\" src=\"https:\/\/fimel.pt\/wp-content\/uploads\/2017\/07\/5-447x295.jpg\" alt=\"\" title=\"5\" aria-label=\"5\" class=\"img-responsive wp-image-1812\" srcset=\"https:\/\/fimel.pt\/wp-content\/uploads\/2017\/07\/5-200x300.jpg 200w, https:\/\/fimel.pt\/wp-content\/uploads\/2017\/07\/5-400x600.jpg 400w, https:\/\/fimel.pt\/wp-content\/uploads\/2017\/07\/5.jpg 447w\" sizes=\"(min-width: 2200px) 100vw, (min-width: 784px) 363px, (min-width: 712px) 545px, (min-width: 640px) 712px, \" \/><\/a><\/div><\/div><div class=\"clearfix\"><\/div><\/div><\/div><div class=\"nav fusion-mobile-tab-nav\"><ul class=\"nav-tabs\"><li><a class=\"tab-link\" data-toggle=\"tab\" id=\"mobile-fusion-tab-asistenciat\u00e9cnica\" href=\"#tab-4df4ac5d39423af70af\"><h4 class=\"fusion-tab-heading\">Asistencia T\u00e9cnica<\/h4><\/a><\/li><\/ul><\/div><div class=\"tab-pane fade fusion-clearfix\" id=\"tab-4df4ac5d39423af70af\">\n<div class=\"heading icon-left\">\n<h3 class=\"content-box-heading\" data-inline-fontsize=\"true\" data-inline-lineheight=\"true\" data-fontsize=\"18\" data-lineheight=\"23\">ASISTENCIA T\u00c9CNICA<\/h3>\n<\/div>\n<div class=\"fusion-clearfix\">\u00a0<\/div>\n<div class=\"content-container\">\n<h2><strong>Servicio de Asistencia T\u00e9cnica y Mantenimiento de Equipos para clientes<\/strong><\/h2>\n<p class=\"x_MsoNormal\">Fimel posee un equipo especializado de t\u00e9cnicos para prestar servicios de asistencia t\u00e9cnica y mantenimiento inmediato.<\/p>\n<h2 class=\"x_MsoNormal\"><strong>Servicio de Telemantenimiento de equipos para clientes<\/strong><\/h2>\n<p class=\"x_MsoNormal\">Fimel posee tambi\u00e9n soluciones de monitorizaci\u00f3n y diagn\u00f3stico de aver\u00edas a distancia (soluciones de telemantenimiento) que permiten que un t\u00e9cnico especializado corrija en tiempo \u00fatil los problemas, sin necesidad de desplazar a un equipo de mantenimiento. A trav\u00e9s de estas tecnolog\u00edas garantizamos a nuestros clientes una reducci\u00f3n dr\u00e1stica de los tiempos de inutilizaci\u00f3n de los equipos, independientemente del pa\u00eds donde est\u00e9n, y un mantenimiento de bajo coste.<\/p>\n<p class=\"x_MsoNormal\"><strong>\u00a0<\/strong><\/p>\n<\/div>\n<\/div><div class=\"nav fusion-mobile-tab-nav\"><ul class=\"nav-tabs\"><li><a class=\"tab-link\" data-toggle=\"tab\" id=\"mobile-fusion-tab-montajedecuadrosel\u00e9ctricos\" href=\"#tab-ddf2e01a07167f785b6\"><h4 class=\"fusion-tab-heading\">Montaje de Cuadros El\u00e9ctricos<\/h4><\/a><\/li><\/ul><\/div><div class=\"tab-pane fade fusion-clearfix\" id=\"tab-ddf2e01a07167f785b6\">\n<div class=\"heading icon-left\">\n<h3 class=\"content-box-heading\" data-inline-fontsize=\"true\" data-inline-lineheight=\"true\" data-fontsize=\"18\" data-lineheight=\"23\">MONTAJE DE CUADROS EL\u00c9CTRICOS<\/h3>\n<\/div>\n<div class=\"content-container\">\n<h2>Servicio de montaje de cuadros el\u00e9ctricos para Clientes<\/h2>\n<p>Montaje de cuadros el\u00e9ctricos mediante el proyecto para aplicaci\u00f3n en equipos espec\u00edficos.<\/p>\n<\/div>\n<\/div><div class=\"nav fusion-mobile-tab-nav\"><ul class=\"nav-tabs\"><li><a class=\"tab-link\" data-toggle=\"tab\" id=\"mobile-fusion-tab-punzonado\" href=\"#tab-7fd463123bbeb62f564\"><h4 class=\"fusion-tab-heading\">Punzonado<\/h4><\/a><\/li><\/ul><\/div><div class=\"tab-pane fade fusion-clearfix\" id=\"tab-7fd463123bbeb62f564\">\n<div class=\"heading icon-left\">\n<h3 class=\"content-box-heading\" data-inline-fontsize=\"true\" data-inline-lineheight=\"true\" data-fontsize=\"18\" data-lineheight=\"23\">PUNZONADO<\/h3>\n<\/div>\n<div class=\"fusion-clearfix\"><\/div>\n<div class=\"content-container\">\n<h2><strong>Servicio de Punzonado en piezas met\u00e1licas para Clientes<\/strong><\/h2>\n<p>Ejecuci\u00f3n de servicios de punzonado de car\u00e1cter general mediante las especificaciones del cliente.<\/p>\n<\/div>\n<\/div><\/div><\/div><div class=\"fusion-clearfix\"><\/div>\n\n\t\t\t\t\t<\/div>\n\t\t\t\t<\/div><\/div><\/div><\/p>\n","protected":false},"excerpt":{"rendered":"","protected":false},"author":1,"featured_media":0,"parent":0,"menu_order":0,"comment_status":"closed","ping_status":"closed","template":"100-width.php","meta":[],"_links":{"self":[{"href":"https:\/\/fimel.pt\/es\/wp-json\/wp\/v2\/pages\/8978"}],"collection":[{"href":"https:\/\/fimel.pt\/es\/wp-json\/wp\/v2\/pages"}],"about":[{"href":"https:\/\/fimel.pt\/es\/wp-json\/wp\/v2\/types\/page"}],"author":[{"embeddable":true,"href":"https:\/\/fimel.pt\/es\/wp-json\/wp\/v2\/users\/1"}],"replies":[{"embeddable":true,"href":"https:\/\/fimel.pt\/es\/wp-json\/wp\/v2\/comments?post=8978"}],"version-history":[{"count":0,"href":"https:\/\/fimel.pt\/es\/wp-json\/wp\/v2\/pages\/8978\/revisions"}],"wp:attachment":[{"href":"https:\/\/fimel.pt\/es\/wp-json\/wp\/v2\/media?parent=8978"}],"curies":[{"name":"wp","href":"https:\/\/api.w.org\/{rel}","templated":true}]}}