{"id":413,"date":"2017-07-21T11:35:28","date_gmt":"2017-07-21T11:35:28","guid":{"rendered":"https:\/\/fimel.pt\/solucoes-de-pintura\/"},"modified":"2026-05-06T09:30:50","modified_gmt":"2026-05-06T09:30:50","slug":"solucoes-de-pintura","status":"publish","type":"page","link":"https:\/\/fimel.pt\/fr\/solucoes-de-pintura\/","title":{"rendered":"Solutions de Peinture"},"content":{"rendered":"<p><div class=\"fusion-fullwidth fullwidth-box fusion-parallax-none page-title nonhundred-percent-fullwidth non-hundred-percent-height-scrolling\"  style='background-color: rgba(255,255,255,0);background-image: url(\"https:\/\/fimel.pt\/wp-content\/uploads\/2017\/07\/banner.png\");background-position: center center;background-repeat: no-repeat;padding-top:0px;padding-right:0px;padding-bottom:0px;padding-left:0px;margin-bottom: 0px;margin-top: 0px;-webkit-background-size:cover;-moz-background-size:cover;-o-background-size:cover;background-size:cover;'><div class=\"fusion-builder-row fusion-row \"><div  class=\"fusion-layout-column fusion_builder_column fusion_builder_column_1_1  fusion-one-full fusion-column-first fusion-column-last fimel-banner 1_1\"  style='margin-top:0px;margin-bottom:20px;'>\n\t\t\t\t\t<div class=\"fusion-column-wrapper\" style=\"padding: 0px 0px 0px 0px;background-position:left top;background-repeat:no-repeat;-webkit-background-size:cover;-moz-background-size:cover;-o-background-size:cover;background-size:cover;\"  data-bg-url=\"\">\n\t\t\t\t\t\t<div class=\"fusion-column-content-centered\"><div class=\"fusion-column-content\"><div class=\"imageframe-align-center\"><span class=\"fusion-imageframe imageframe-none imageframe-1 hover-type-none area-icon\"><img loading=\"lazy\" src=\"https:\/\/fimel.pt\/wp-content\/uploads\/2017\/08\/solucoesdepintura.png\" width=\"400\" height=\"400\" alt=\"\" title=\"solucoesdepintura\" class=\"img-responsive wp-image-4595\" srcset=\"https:\/\/fimel.pt\/wp-content\/uploads\/2017\/08\/solucoesdepintura-200x200.png 200w, https:\/\/fimel.pt\/wp-content\/uploads\/2017\/08\/solucoesdepintura.png 400w\" sizes=\"(max-width: 800px) 100vw, 400px\" \/><\/span><\/div><div class=\"xs-spacer30 sm-spacer30\"><\/div><div class=\"fusion-text\"><p style=\"text-align: center;\"><span class=\"page-heading\">Solutions de Peinture<\/span><\/p>\n<\/div><\/div><\/div><div class=\"fusion-clearfix\"><\/div>\n\n\t\t\t\t\t<\/div>\n\t\t\t\t<\/div><\/div><\/div><div class=\"fusion-fullwidth fullwidth-box position-area hundred-percent-fullwidth non-hundred-percent-height-scrolling\"  style='background-color: rgba(255,255,255,0);background-position: center center;background-repeat: no-repeat;padding-top:0px;padding-right:0px;padding-bottom:0px;padding-left:0px;margin-bottom: 90px;margin-top: 90px;'><div class=\"fusion-builder-row fusion-row \"><div  class=\"fusion-layout-column fusion_builder_column fusion_builder_column_1_1  fusion-one-full fusion-column-first fusion-column-last 1_1\"  style='margin-top:0px;margin-bottom:20px;'>\n\t\t\t\t\t<div class=\"fusion-column-wrapper\" style=\"padding: 0px 0px 0px 0px;background-position:left top;background-repeat:no-repeat;-webkit-background-size:cover;-moz-background-size:cover;-o-background-size:cover;background-size:cover;\"  data-bg-url=\"\">\n\t\t\t\t\t\t<div class=\"fusion-text\"><div class=\"sm-spacer30\"><\/div>\n<\/div><div class=\"fusion-clearfix\"><\/div>\n\n\t\t\t\t\t<\/div>\n\t\t\t\t<\/div><div  class=\"fusion-layout-column fusion_builder_column fusion_builder_column_1_6  fusion-one-sixth fusion-column-first 1_6\"  style='margin-top:0px;margin-bottom:20px;width:16.66%;width:calc(16.66% - ( ( 4% + 4% ) * 0.1666 ) );margin-right: 4%;'>\n\t\t\t\t\t<div class=\"fusion-column-wrapper\" style=\"padding: 0px 0px 0px 0px;background-position:left top;background-repeat:no-repeat;-webkit-background-size:cover;-moz-background-size:cover;-o-background-size:cover;background-size:cover;\"  data-bg-url=\"\">\n\t\t\t\t\t\t<div class=\"fusion-clearfix\"><\/div>\n\n\t\t\t\t\t<\/div>\n\t\t\t\t<\/div><div  class=\"fusion-layout-column fusion_builder_column fusion_builder_column_2_3  fusion-two-third 2_3\"  style='margin-top:0px;margin-bottom:20px;width:66.66%;width:calc(66.66% - ( ( 4% + 4% ) * 0.6666 ) );margin-right: 4%;'>\n\t\t\t\t\t<div class=\"fusion-column-wrapper\" style=\"padding: 0px 0px 0px 0px;background-position:left top;background-repeat:no-repeat;-webkit-background-size:cover;-moz-background-size:cover;-o-background-size:cover;background-size:cover;\"  data-bg-url=\"\">\n\t\t\t\t\t\t<div class=\"fusion-builder-row fusion-builder-row-inner fusion-row \"><div  class=\"fusion-layout-column fusion_builder_column fusion_builder_column_1_2  fusion-one-half fusion-column-first 1_2\"  style='margin-top: 0px;margin-bottom: 20px;width:50%;width:calc(50% - ( ( 4% ) * 0.5 ) );margin-right:4%;'><div class=\"fusion-column-wrapper\" style=\"padding: 0px 0px 0px 0px;background-position:left top;background-repeat:no-repeat;-webkit-background-size:cover;-moz-background-size:cover;-o-background-size:cover;background-size:cover;\"  data-bg-url=\"\"><div class=\"fusion-text\"><h2 class=\"fimel-h2-sp\">Au chapitre des installations de peinture, l\u2019entreprise Fimel poss\u00e8de des structures solides de recueil des exigences du Client, \u00c9tude et Projet de la meilleure solution, Fabrication, Montage et Assistance Apr\u00e8s-Vente, de tous les composants int\u00e9grants d\u2019une ligne de peinture \u00e9lectrostatique.<\/h2>\n<\/div><div class=\"fusion-text\"><p>Alli\u00e9 \u00e0 notre technologie, nous poss\u00e9dons une vaste exp\u00e9rience, d\u00e9coulant des larges ann\u00e9es d\u2019activit\u00e9 et des innombrables domaines industriels o\u00f9 nous agissons. Notre liaison aux entreprises internationales, nous permet un accompagnement de la technologie de pointe, en garantissant ainsi \u00e0 nos CLIENTS des solutions actualis\u00e9es.<\/p>\n<p>Les principaux \u00e9quipements fabriqu\u00e9s sont:<\/p>\n<ul class=\"fimel-list\">\n<li>Installations de Peinture Liquide et Poudre, de pi\u00e8ces m\u00e9talliques, plastiques et en bois.<\/li>\n<li>Installations de Laquage.<\/li>\n<li>Installations avec des Cuves statiques ou continues de d\u00e9capage.<\/li>\n<li>Installations pour Plastification (T\u00e9flon, Polyamide, etc.).<\/li>\n<li>Cabines de Peinture Poudre.<\/li>\n<li>Cabines de Peinture Liquide.<\/li>\n<li>Cabines de Peinture Voie S\u00e8che \u00abVia Seca\u00bb.<\/li>\n<li>Cabines de Peinture Voie Humide \u00abVia H\u00famida\u00bb.<\/li>\n<li>Cabines de Peinture Automobile.<\/li>\n<li>Cabines de Lavage Manuel.<\/li>\n<\/ul>\n<\/div><div class=\"xs-spacer30 sm-spacer90\"><\/div><\/div><\/div><div  class=\"fusion-layout-column fusion_builder_column fusion_builder_column_1_2  fusion-one-half fusion-column-last 1_2\"  style='margin-top: 0px;margin-bottom: 20px;width:50%;width:calc(50% - ( ( 4% ) * 0.5 ) );'><div class=\"fusion-column-wrapper\" style=\"padding: 0px 0px 0px 0px;background-position:left top;background-repeat:no-repeat;-webkit-background-size:cover;-moz-background-size:cover;-o-background-size:cover;background-size:cover;\"  data-bg-url=\"\"><div class=\"fusion-slider-sc flexslider flexslider-hover-type-none areas-slider\" style=\"max-width:100%;height:100%;\"><ul class=\"slides\"><li class=\"image\"><span class=\"hover-type-none\"><img role=\"presentation\" src=\"https:\/\/fimel.pt\/wp-content\/uploads\/2018\/01\/Linha-de-Pintura-L\u00edquida-Manual-Via-H\u00famida.jpg\" \/><\/span><\/li><li class=\"image\"><span class=\"hover-type-none\"><img role=\"presentation\" src=\"https:\/\/fimel.pt\/wp-content\/uploads\/2018\/01\/Linha-de-Pintura-a-P\u00f3-Autom\u00e1tica-01.jpg\" \/><\/span><\/li><li class=\"image\"><span class=\"hover-type-none\"><img role=\"presentation\" src=\"https:\/\/fimel.pt\/wp-content\/uploads\/2018\/01\/Linha-de-Lacagem-a-P\u00f3-Autom\u00e1tica.jpg\" \/><\/span><\/li><li class=\"image\"><span class=\"hover-type-none\"><img role=\"presentation\" src=\"https:\/\/fimel.pt\/wp-content\/uploads\/2018\/01\/CPS-CONTINUA-SEM-NEUTROS-SISTRAL.jpg\" \/><\/span><\/li><li class=\"image\"><span class=\"hover-type-none\"><img role=\"presentation\" src=\"https:\/\/fimel.pt\/wp-content\/uploads\/2018\/01\/CABINA-PINTURA-LIQUIDA-PRESSURIZADA-E-AQUECIDA-001.jpg\" \/><\/span><\/li><li class=\"image\"><span class=\"hover-type-none\"><img role=\"presentation\" src=\"https:\/\/fimel.pt\/wp-content\/uploads\/2018\/01\/Cabina-Pintura-Via-Seca-com-Anteparas-2030.jpg\" \/><\/span><\/li><li class=\"image\"><span class=\"hover-type-none\"><img role=\"presentation\" src=\"https:\/\/fimel.pt\/wp-content\/uploads\/2018\/01\/CCA-SE.jpg\" \/><\/span><\/li><li class=\"image\"><span class=\"hover-type-none\"><img role=\"presentation\" src=\"https:\/\/fimel.pt\/wp-content\/uploads\/2018\/01\/CABINA-FORNO-002.jpg\" \/><\/span><\/li><li class=\"image\"><span class=\"hover-type-none\"><img role=\"presentation\" src=\"https:\/\/fimel.pt\/wp-content\/uploads\/2018\/01\/8070.00-Casa-metalica-2640x4000x3500.jpg\" \/><\/span><\/li><\/ul><\/div><\/div><\/div><\/div><div class=\"fusion-clearfix\"><\/div>\n\n\t\t\t\t\t<\/div>\n\t\t\t\t<\/div><div  class=\"fusion-layout-column fusion_builder_column fusion_builder_column_1_6  fusion-one-sixth fusion-column-last 1_6\"  style='margin-top:0px;margin-bottom:20px;width:16.66%;width:calc(16.66% - ( ( 4% + 4% ) * 0.1666 ) );'>\n\t\t\t\t\t<div class=\"fusion-column-wrapper\" style=\"padding: 0px 0px 0px 0px;background-position:left top;background-repeat:no-repeat;-webkit-background-size:cover;-moz-background-size:cover;-o-background-size:cover;background-size:cover;\"  data-bg-url=\"\">\n\t\t\t\t\t\t<div class=\"fusion-clearfix\"><\/div>\n\n\t\t\t\t\t<\/div>\n\t\t\t\t<\/div><\/div><\/div><div class=\"fusion-fullwidth fullwidth-box hundred-percent-fullwidth non-hundred-percent-height-scrolling\"  style='background-color: rgba(255,255,255,0);background-position: center center;background-repeat: no-repeat;padding-top:0px;padding-right:0px;padding-bottom:0px;padding-left:0px;margin-bottom: 150px;'><div class=\"fusion-builder-row fusion-row \"><div  class=\"fusion-layout-column fusion_builder_column fusion_builder_column_1_6  fusion-one-sixth fusion-column-first 1_6\"  style='margin-top:0px;margin-bottom:20px;width:16.66%;width:calc(16.66% - ( ( 4% + 4% ) * 0.1666 ) );margin-right: 4%;'>\n\t\t\t\t\t<div class=\"fusion-column-wrapper\" style=\"padding: 0px 0px 0px 0px;background-position:left top;background-repeat:no-repeat;-webkit-background-size:cover;-moz-background-size:cover;-o-background-size:cover;background-size:cover;\"  data-bg-url=\"\">\n\t\t\t\t\t\t<div class=\"fusion-clearfix\"><\/div>\n\n\t\t\t\t\t<\/div>\n\t\t\t\t<\/div><div  class=\"fusion-layout-column fusion_builder_column fusion_builder_column_2_3  fusion-two-third 2_3\"  style='margin-top:0px;margin-bottom:20px;width:66.66%;width:calc(66.66% - ( ( 4% + 4% ) * 0.6666 ) );margin-right: 4%;'>\n\t\t\t\t\t<div class=\"fusion-column-wrapper\" style=\"padding: 0px 0px 0px 0px;background-position:left top;background-repeat:no-repeat;-webkit-background-size:cover;-moz-background-size:cover;-o-background-size:cover;background-size:cover;\"  data-bg-url=\"\">\n\t\t\t\t\t\t<div class=\"xs-spacer30 sm-spacer90\"><\/div><div class=\"fusion-text\"><div class=\"fimel-video\"><iframe loading=\"lazy\" title=\"Jofebar\" src=\"https:\/\/www.youtube.com\/embed\/QoNF42XU-C4\" width=\"1024\" height=\"576\" frameborder=\"0\" allowfullscreen=\"allowfullscreen\"><\/iframe><\/div>\n<\/div><div class=\"xs-spacer30 sm-spacer90\"><\/div><div class=\"fusion-text\"><div class=\"fimel-video\"><iframe loading=\"lazy\" title=\"Bosch\" src=\"https:\/\/www.youtube.com\/embed\/nbu0_EfK6OM\" width=\"1024\" height=\"576\" frameborder=\"0\" allowfullscreen=\"allowfullscreen\"><\/iframe><\/div>\n<\/div><div class=\"xs-spacer30 sm-spacer90\"><\/div><div class=\"fusion-text\"><div class=\"fimel-video\"><iframe loading=\"lazy\" src=\"https:\/\/www.youtube.com\/embed\/RR4SFTrY3V0?autoplay=1&amp;loop=1&amp;rel=0&amp;showinfo=0\" width=\"1024\" height=\"576\" frameborder=\"0\" allowfullscreen=\"allowfullscreen\"><\/iframe><\/div>\n<\/div><div class=\"xs-spacer30 sm-spacer90\"><\/div><div class=\"fusion-text\"><div class=\"fimel-video\"><iframe loading=\"lazy\" src=\"https:\/\/www.youtube.com\/embed\/fFmInKcCRWQ?autoplay=1&amp;loop=1&amp;rel=0&amp;showinfo=0\" width=\"1024\" height=\"576\" frameborder=\"0\" allowfullscreen=\"allowfullscreen\"><\/iframe><\/div>\n<\/div><div class=\"xs-spacer30 sm-spacer90\"><\/div><div class=\"fusion-text\"><div class=\"fimel-video\"><iframe loading=\"lazy\" src=\"https:\/\/www.youtube.com\/embed\/fuOASQLiY7s?autoplay=1&amp;loop=1&amp;rel=0&amp;showinfo=0\" width=\"1024\" height=\"576\" frameborder=\"0\" allowfullscreen=\"allowfullscreen\"><\/iframe><\/div>\n<\/div><div class=\"xs-spacer30 sm-spacer90\"><\/div><div class=\"fusion-clearfix\"><\/div>\n\n\t\t\t\t\t<\/div>\n\t\t\t\t<\/div><div  class=\"fusion-layout-column fusion_builder_column fusion_builder_column_1_6  fusion-one-sixth fusion-column-last 1_6\"  style='margin-top:0px;margin-bottom:20px;width:16.66%;width:calc(16.66% - ( ( 4% + 4% ) * 0.1666 ) );'>\n\t\t\t\t\t<div class=\"fusion-column-wrapper\" style=\"padding: 0px 0px 0px 0px;background-position:left top;background-repeat:no-repeat;-webkit-background-size:cover;-moz-background-size:cover;-o-background-size:cover;background-size:cover;\"  data-bg-url=\"\">\n\t\t\t\t\t\t<div class=\"fusion-clearfix\"><\/div>\n\n\t\t\t\t\t<\/div>\n\t\t\t\t<\/div><\/div><\/div><\/p>\n","protected":false},"excerpt":{"rendered":"","protected":false},"author":1,"featured_media":0,"parent":0,"menu_order":0,"comment_status":"closed","ping_status":"closed","template":"100-width.php","meta":[],"_links":{"self":[{"href":"https:\/\/fimel.pt\/fr\/wp-json\/wp\/v2\/pages\/413"}],"collection":[{"href":"https:\/\/fimel.pt\/fr\/wp-json\/wp\/v2\/pages"}],"about":[{"href":"https:\/\/fimel.pt\/fr\/wp-json\/wp\/v2\/types\/page"}],"author":[{"embeddable":true,"href":"https:\/\/fimel.pt\/fr\/wp-json\/wp\/v2\/users\/1"}],"replies":[{"embeddable":true,"href":"https:\/\/fimel.pt\/fr\/wp-json\/wp\/v2\/comments?post=413"}],"version-history":[{"count":3,"href":"https:\/\/fimel.pt\/fr\/wp-json\/wp\/v2\/pages\/413\/revisions"}],"predecessor-version":[{"id":12484,"href":"https:\/\/fimel.pt\/fr\/wp-json\/wp\/v2\/pages\/413\/revisions\/12484"}],"wp:attachment":[{"href":"https:\/\/fimel.pt\/fr\/wp-json\/wp\/v2\/media?parent=413"}],"curies":[{"name":"wp","href":"https:\/\/api.w.org\/{rel}","templated":true}]}}