{"id":5194,"date":"2018-08-31T09:41:35","date_gmt":"2018-08-31T09:41:35","guid":{"rendered":"https:\/\/fimel.pt\/?page_id=5194"},"modified":"2018-09-04T14:48:09","modified_gmt":"2018-09-04T14:48:09","slug":"papier","status":"publish","type":"page","link":"https:\/\/fimel.pt\/fr\/secteur\/papier\/","title":{"rendered":"Papier"},"content":{"rendered":"<p><div class=\"fusion-fullwidth fullwidth-box fusion-parallax-none page-title hundred-percent-fullwidth non-hundred-percent-height-scrolling fusion-equal-height-columns\"  style='background-color: rgba(255,255,255,0);background-image: url(\"https:\/\/fimel.pt\/wp-content\/uploads\/2017\/10\/Papel2.jpg\");background-position: center center;background-repeat: no-repeat;margin-bottom: 0px;margin-top: 0px;-webkit-background-size:cover;-moz-background-size:cover;-o-background-size:cover;background-size:cover;'><div class=\"fusion-builder-row fusion-row \"><div  class=\"fusion-layout-column fusion_builder_column fusion_builder_column_1_1  fusion-one-full fusion-column-first fusion-column-last title-area 1_1\"  style='margin-top:0px;margin-bottom:0px;'>\n\t\t\t\t\t<div class=\"fusion-column-wrapper\" style=\"padding: 0px 0px 0px 0px;background-position:center top;background-repeat:no-repeat;-webkit-background-size:cover;-moz-background-size:cover;-o-background-size:cover;background-size:cover;\"  data-bg-url=\"\">\n\t\t\t\t\t\t<div class=\"fusion-text\"><div class=\"xs-tacenter sm-tacenter\"><span class=\"page-category\">SECTEUR<\/span><br \/>\n<span class=\"page-heading\">Papier<\/span><\/div>\n<\/div><div class=\"append-bottom\"><img src=\"..\/..\/..\/wp-content\/uploads\/2017\/07\/lower-title-white_2-1.png\" \/><\/div><div class=\"fusion-clearfix\"><\/div>\n\n\t\t\t\t\t<\/div>\n\t\t\t\t<\/div><\/div><\/div><div class=\"fusion-fullwidth fullwidth-box hundred-percent-fullwidth non-hundred-percent-height-scrolling\"  style='background-color: rgba(255,255,255,0);background-position: center center;background-repeat: no-repeat;padding-top:0px;padding-right:30px;padding-bottom:0px;padding-left:0px;margin-bottom: 0px;margin-top: 0px;'><div class=\"fusion-builder-row fusion-row \"><div  class=\"fusion-layout-column fusion_builder_column fusion_builder_column_2_5  fusion-two-fifth fusion-column-first fusion-blend-mode nav-area 2_5\"  style='margin-top:0px;margin-bottom:0px;width:40%;width:calc(40% - ( ( 4% ) * 0.4 ) );margin-right: 4%;'>\n\t\t\t\t\t<div class=\"fusion-column-wrapper\" style=\"background-color:#f7f7f7;padding: 60px 30px 60px 30px;background-position:left top;background-repeat:no-repeat;-webkit-background-size:cover;-moz-background-size:cover;-o-background-size:cover;background-size:cover;\"  data-bg-url=\"\">\n\t\t\t\t\t\t<div class=\"fusion-text\"><div class=\"nav-title\">\n<h2>DOMAINES D\u2019ACTIVIT\u00c9<\/h2>\n<\/div>\n<\/div><div class=\"fusion-text\"><div id=\"thermal\" class=\"area-button\" data-target=\"thermal\">\n<div class=\"pill-icon\"><img class=\"icon\" src=\"..\/..\/..\/critec\/images\/tratamentostermicos.png\" alt=\"thermal\" \/><\/div>\n<div class=\"area-title\">Traitements Thermiques<\/div>\n<\/div>\n<\/div><div class=\"fusion-text\"><div id=\"robotic\" class=\"area-button\" data-target=\"robotic\">\n<div class=\"pill-icon\"><img class=\"icon\" src=\"..\/..\/..\/critec\/images\/automacaorobotica.png\" alt=\"robotic\" \/><\/div>\n<div class=\"area-title\">Automation et Robotique<\/div>\n<\/div>\n<\/div><div class=\"fusion-text\"><div id=\"environment\" class=\"area-button\" data-target=\"environment\">\n<div class=\"pill-icon\"><img class=\"icon\" src=\"..\/..\/..\/critec\/images\/ambiente.png\" alt=\"environment\" \/><\/div>\n<div class=\"area-title\">Environnement<\/div>\n<\/div>\n<\/div><div class=\"fusion-clearfix\"><\/div>\n\n\t\t\t\t\t<\/div>\n\t\t\t\t<\/div><div  class=\"fusion-layout-column fusion_builder_column fusion_builder_column_3_5  fusion-three-fifth fusion-column-last product-area 3_5\"  style='margin-top:0px;margin-bottom:20px;width:60%;width:calc(60% - ( ( 4% ) * 0.6 ) );'>\n\t\t\t\t\t<div class=\"fusion-column-wrapper\" style=\"padding: 0px 0px 0px 0px;background-position:left top;background-repeat:no-repeat;-webkit-background-size:cover;-moz-background-size:cover;-o-background-size:cover;background-size:cover;\"  data-bg-url=\"\">\n\t\t\t\t\t\t<div class=\"xs-spacer30 sm-spacer60\"><\/div><div class=\"fusion-builder-row fusion-builder-row-inner fusion-row \"><div id=\"environment\" class=\"fusion-layout-column fusion_builder_column fusion_builder_column_1_1  fusion-one-full fusion-column-first fusion-column-last area-tab 1_1\"  style='margin-top: 0px;margin-bottom: 20px;'><div class=\"fusion-column-wrapper\" style=\"padding: 0px 0px 0px 0px;background-position:left top;background-repeat:no-repeat;-webkit-background-size:cover;-moz-background-size:cover;-o-background-size:cover;background-size:cover;\"  data-bg-url=\"\"><div class=\"fusion-recent-posts fusion-recent-posts-1 avada-container layout-default layout-columns-3\"><section class=\"fusion-columns columns fusion-columns-3 columns-3\"><article class=\"post fusion-column column col col-lg-4 col-md-4 col-sm-4\"><div class=\"fusion-flexslider flexslider flexslider-hover-type-none\"><ul class=\"slides\"><li><a href=\"https:\/\/fimel.pt\/fr\/produtos-fr\/cabine-metallique\/\" class=\"hover-type-none\" aria-label=\"Cabine M\u00e9tallique\"><img src=\"https:\/\/fimel.pt\/wp-content\/uploads\/2018\/08\/CASA-METALICA-PRESSURIZADA-FAMAVAL-700x441.jpg\" alt=\"\" \/><\/a><\/li><\/ul><\/div><div class=\"recent-posts-content\"><span class=\"vcard\" style=\"display: none;\"><span class=\"fn\"><a href=\"https:\/\/fimel.pt\/fr\/author\/critec\/\" title=\"Articles par critec\" rel=\"author\">critec<\/a><\/span><\/span><span class=\"updated\" style=\"display:none;\">2018-08-31T14:34:15+00:00<\/span><h4 class=\"entry-title\"><a href=\"https:\/\/fimel.pt\/fr\/produtos-fr\/cabine-metallique\/\">Cabine M\u00e9tallique<\/a><\/h4><\/div><\/article><article class=\"post fusion-column column col col-lg-4 col-md-4 col-sm-4\"><div class=\"fusion-flexslider flexslider flexslider-hover-type-none\"><ul class=\"slides\"><li><a href=\"https:\/\/fimel.pt\/fr\/produtos-fr\/systeme-de-pressurisation\/\" class=\"hover-type-none\" aria-label=\"Syst\u00e8me de Pressurisation\"><img src=\"https:\/\/fimel.pt\/wp-content\/uploads\/2018\/08\/PRESSURIZADOR-DE-AR-QUENTE-700x441.jpg\" alt=\"\" \/><\/a><\/li><\/ul><\/div><div class=\"recent-posts-content\"><span class=\"vcard\" style=\"display: none;\"><span class=\"fn\"><a href=\"https:\/\/fimel.pt\/fr\/author\/critec\/\" title=\"Articles par critec\" rel=\"author\">critec<\/a><\/span><\/span><span class=\"updated\" style=\"display:none;\">2018-08-31T14:51:22+00:00<\/span><h4 class=\"entry-title\"><a href=\"https:\/\/fimel.pt\/fr\/produtos-fr\/systeme-de-pressurisation\/\">Syst\u00e8me de Pressurisation<\/a><\/h4><\/div><\/article><article class=\"post fusion-column column col col-lg-4 col-md-4 col-sm-4\"><div class=\"fusion-flexslider flexslider flexslider-hover-type-none\"><ul class=\"slides\"><li><a href=\"https:\/\/fimel.pt\/fr\/produtos-fr\/dome-dextraction\/\" class=\"hover-type-none\" aria-label=\"D\u00f4me d\u2019extraction\"><img src=\"https:\/\/fimel.pt\/wp-content\/uploads\/2018\/08\/CUPULA.jpg\" alt=\"\" \/><\/a><\/li><\/ul><\/div><div class=\"recent-posts-content\"><span class=\"vcard\" style=\"display: none;\"><span class=\"fn\"><a href=\"https:\/\/fimel.pt\/fr\/author\/critec\/\" title=\"Articles par critec\" rel=\"author\">critec<\/a><\/span><\/span><span class=\"updated\" style=\"display:none;\">2018-08-31T14:55:44+00:00<\/span><h4 class=\"entry-title\"><a href=\"https:\/\/fimel.pt\/fr\/produtos-fr\/dome-dextraction\/\">D\u00f4me d\u2019extraction<\/a><\/h4><\/div><\/article><article class=\"post fusion-column column col col-lg-4 col-md-4 col-sm-4\"><div class=\"fusion-flexslider flexslider flexslider-hover-type-none\"><ul class=\"slides\"><li><a href=\"https:\/\/fimel.pt\/fr\/produtos-fr\/systeme-de-filtration-et-traitement-de-ar\/\" class=\"hover-type-none\" aria-label=\"Syst\u00e8me de Filtration et Traitement de AR\"><img src=\"https:\/\/fimel.pt\/wp-content\/uploads\/2017\/12\/SFTA-002-700x441.jpg\" alt=\"\" \/><\/a><\/li><\/ul><\/div><div class=\"recent-posts-content\"><span class=\"vcard\" style=\"display: none;\"><span class=\"fn\"><a href=\"https:\/\/fimel.pt\/fr\/author\/critec\/\" title=\"Articles par critec\" rel=\"author\">critec<\/a><\/span><\/span><span class=\"updated\" style=\"display:none;\">2018-08-31T16:48:34+00:00<\/span><h4 class=\"entry-title\"><a href=\"https:\/\/fimel.pt\/fr\/produtos-fr\/systeme-de-filtration-et-traitement-de-ar\/\">Syst\u00e8me de Filtration et Traitement de AR<\/a><\/h4><\/div><\/article><article class=\"post fusion-column column col col-lg-4 col-md-4 col-sm-4\"><div class=\"fusion-flexslider flexslider flexslider-hover-type-none\"><ul class=\"slides\"><li><a href=\"https:\/\/fimel.pt\/fr\/produtos-fr\/systeme-daspiration\/\" class=\"hover-type-none\" aria-label=\"Syst\u00e8me d\u2019Aspiration\"><img src=\"https:\/\/fimel.pt\/wp-content\/uploads\/2017\/12\/CAIXA-ASPIRA\u00c7\u00c3O-700x441.jpg\" alt=\"\" \/><\/a><\/li><\/ul><\/div><div class=\"recent-posts-content\"><span class=\"vcard\" style=\"display: none;\"><span class=\"fn\"><a href=\"https:\/\/fimel.pt\/fr\/author\/critec\/\" title=\"Articles par critec\" rel=\"author\">critec<\/a><\/span><\/span><span class=\"updated\" style=\"display:none;\">2018-08-31T16:50:58+00:00<\/span><h4 class=\"entry-title\"><a href=\"https:\/\/fimel.pt\/fr\/produtos-fr\/systeme-daspiration\/\">Syst\u00e8me d\u2019Aspiration<\/a><\/h4><\/div><\/article><article class=\"post fusion-column column col col-lg-4 col-md-4 col-sm-4\"><div class=\"fusion-flexslider flexslider flexslider-hover-type-none\"><ul class=\"slides\"><li><a href=\"https:\/\/fimel.pt\/fr\/produtos-fr\/extraction-de-gazes\/\" class=\"hover-type-none\" aria-label=\"Extraction de Gazes\"><img src=\"https:\/\/fimel.pt\/wp-content\/uploads\/2017\/12\/01-700x441.jpg\" alt=\"\" \/><\/a><\/li><\/ul><\/div><div class=\"recent-posts-content\"><span class=\"vcard\" style=\"display: none;\"><span class=\"fn\"><a href=\"https:\/\/fimel.pt\/fr\/author\/critec\/\" title=\"Articles par critec\" rel=\"author\">critec<\/a><\/span><\/span><span class=\"updated\" style=\"display:none;\">2018-08-31T16:57:25+00:00<\/span><h4 class=\"entry-title\"><a href=\"https:\/\/fimel.pt\/fr\/produtos-fr\/extraction-de-gazes\/\">Extraction de Gazes<\/a><\/h4><\/div><\/article><\/section><\/div><\/div><\/div><\/div><div class=\"fusion-builder-row fusion-builder-row-inner fusion-row \"><div id=\"robotic\" class=\"fusion-layout-column fusion_builder_column fusion_builder_column_1_1  fusion-one-full fusion-column-first fusion-column-last area-tab 1_1\"  style='margin-top: 0px;margin-bottom: 20px;'><div class=\"fusion-column-wrapper\" style=\"padding: 0px 0px 0px 0px;background-position:left top;background-repeat:no-repeat;-webkit-background-size:cover;-moz-background-size:cover;-o-background-size:cover;background-size:cover;\"  data-bg-url=\"\"><div class=\"fusion-recent-posts fusion-recent-posts-2 avada-container layout-default layout-columns-3\"><section class=\"fusion-columns columns fusion-columns-3 columns-3\"><article class=\"post fusion-column column col col-lg-4 col-md-4 col-sm-4\"><div class=\"fusion-flexslider flexslider flexslider-hover-type-none\"><ul class=\"slides\"><li><a href=\"https:\/\/fimel.pt\/fr\/produtos-fr\/telecommande-centralisee\/\" class=\"hover-type-none\" aria-label=\"T\u00e9l\u00e9commande Centralis\u00e9e\"><img src=\"https:\/\/fimel.pt\/wp-content\/uploads\/2018\/08\/COMANDO-CENTRALIZADO-700x441.jpg\" alt=\"\" \/><\/a><\/li><\/ul><\/div><div class=\"recent-posts-content\"><span class=\"vcard\" style=\"display: none;\"><span class=\"fn\"><a href=\"https:\/\/fimel.pt\/fr\/author\/critec\/\" title=\"Articles par critec\" rel=\"author\">critec<\/a><\/span><\/span><span class=\"updated\" style=\"display:none;\">2018-08-31T14:57:52+00:00<\/span><h4 class=\"entry-title\"><a href=\"https:\/\/fimel.pt\/fr\/produtos-fr\/telecommande-centralisee\/\">T\u00e9l\u00e9commande Centralis\u00e9e<\/a><\/h4><\/div><\/article><\/section><\/div><\/div><\/div><\/div><div class=\"fusion-builder-row fusion-builder-row-inner fusion-row \"><div id=\"thermal\" class=\"fusion-layout-column fusion_builder_column fusion_builder_column_1_1  fusion-one-full fusion-column-first fusion-column-last area-tab 1_1\"  style='margin-top: 0px;margin-bottom: 0px;'><div class=\"fusion-column-wrapper\" style=\"padding: 0px 0px 0px 0px;background-position:left top;background-repeat:no-repeat;-webkit-background-size:cover;-moz-background-size:cover;-o-background-size:cover;background-size:cover;\"  data-bg-url=\"\"><div class=\"fusion-column-content-centered\"><div class=\"fusion-column-content\"><div class=\"fusion-recent-posts fusion-recent-posts-3 avada-container layout-default layout-columns-3\"><section class=\"fusion-columns columns fusion-columns-3 columns-3\"><article class=\"post fusion-column column col col-lg-4 col-md-4 col-sm-4\"><div class=\"fusion-flexslider flexslider flexslider-hover-type-none\"><ul class=\"slides\"><li><a href=\"https:\/\/fimel.pt\/fr\/solucoes-de-pintura-fr\/po-fr\/sp-ceramico-fr\/combustion-directe\/\" class=\"hover-type-none\" aria-label=\"Combustion directe\"><img src=\"https:\/\/fimel.pt\/wp-content\/uploads\/2018\/08\/QUEIMADOR-TA-200-A-700x441.jpg\" alt=\"\" \/><\/a><\/li><\/ul><\/div><div class=\"recent-posts-content\"><span class=\"vcard\" style=\"display: none;\"><span class=\"fn\"><a href=\"https:\/\/fimel.pt\/fr\/author\/critec\/\" title=\"Articles par critec\" rel=\"author\">critec<\/a><\/span><\/span><span class=\"updated\" style=\"display:none;\">2018-08-31T16:15:57+00:00<\/span><h4 class=\"entry-title\"><a href=\"https:\/\/fimel.pt\/fr\/solucoes-de-pintura-fr\/po-fr\/sp-ceramico-fr\/combustion-directe\/\">Combustion directe<\/a><\/h4><\/div><\/article><article class=\"post fusion-column column col col-lg-4 col-md-4 col-sm-4\"><div class=\"fusion-flexslider flexslider flexslider-hover-type-none\"><ul class=\"slides\"><li><a href=\"https:\/\/fimel.pt\/fr\/tratamentos-termicos-fr\/tt-papel-fr\/four-a-papier\/\" class=\"hover-type-none\" aria-label=\"Four \u00e0 papier\"><img src=\"https:\/\/fimel.pt\/wp-content\/uploads\/2018\/01\/FORNO-SECAGEM-DE-PAPEL-1-700x441.jpg\" alt=\"\" \/><\/a><\/li><\/ul><\/div><div class=\"recent-posts-content\"><span class=\"vcard\" style=\"display: none;\"><span class=\"fn\"><a href=\"https:\/\/fimel.pt\/fr\/author\/critec\/\" title=\"Articles par critec\" rel=\"author\">critec<\/a><\/span><\/span><span class=\"updated\" style=\"display:none;\">2018-11-20T12:12:38+00:00<\/span><h4 class=\"entry-title\"><a href=\"https:\/\/fimel.pt\/fr\/tratamentos-termicos-fr\/tt-papel-fr\/four-a-papier\/\">Four \u00e0 papier<\/a><\/h4><\/div><\/article><\/section><\/div><\/div><\/div><\/div><\/div><\/div><div class=\"fusion-clearfix\"><\/div>\n\n\t\t\t\t\t<\/div>\n\t\t\t\t<\/div><\/div><\/div><\/p>\n","protected":false},"excerpt":{"rendered":"","protected":false},"author":1,"featured_media":0,"parent":5157,"menu_order":0,"comment_status":"closed","ping_status":"closed","template":"100-width.php","meta":[],"_links":{"self":[{"href":"https:\/\/fimel.pt\/fr\/wp-json\/wp\/v2\/pages\/5194"}],"collection":[{"href":"https:\/\/fimel.pt\/fr\/wp-json\/wp\/v2\/pages"}],"about":[{"href":"https:\/\/fimel.pt\/fr\/wp-json\/wp\/v2\/types\/page"}],"author":[{"embeddable":true,"href":"https:\/\/fimel.pt\/fr\/wp-json\/wp\/v2\/users\/1"}],"replies":[{"embeddable":true,"href":"https:\/\/fimel.pt\/fr\/wp-json\/wp\/v2\/comments?post=5194"}],"version-history":[{"count":0,"href":"https:\/\/fimel.pt\/fr\/wp-json\/wp\/v2\/pages\/5194\/revisions"}],"up":[{"embeddable":true,"href":"https:\/\/fimel.pt\/fr\/wp-json\/wp\/v2\/pages\/5157"}],"wp:attachment":[{"href":"https:\/\/fimel.pt\/fr\/wp-json\/wp\/v2\/media?parent=5194"}],"curies":[{"name":"wp","href":"https:\/\/api.w.org\/{rel}","templated":true}]}}