{"id":542,"date":"2017-08-10T16:33:42","date_gmt":"2017-08-10T16:33:42","guid":{"rendered":"https:\/\/fimel.pt\/automacao-e-robotica\/"},"modified":"2018-09-04T13:19:19","modified_gmt":"2018-09-04T13:19:19","slug":"automacao-e-robotica","status":"publish","type":"page","link":"https:\/\/fimel.pt\/fr\/automacao-e-robotica\/","title":{"rendered":"Automation et Robotique"},"content":{"rendered":"<p><div class=\"fusion-fullwidth fullwidth-box fusion-parallax-none page-title nonhundred-percent-fullwidth non-hundred-percent-height-scrolling\"  style='background-color: rgba(255,255,255,0);background-image: url(\"https:\/\/fimel.pt\/wp-content\/uploads\/2017\/08\/banner.png\");background-position: center center;background-repeat: no-repeat;padding-top:0px;padding-right:0px;padding-bottom:0px;padding-left:0px;margin-bottom: 0px;margin-top: 0px;-webkit-background-size:cover;-moz-background-size:cover;-o-background-size:cover;background-size:cover;'><div class=\"fusion-builder-row fusion-row \"><div  class=\"fusion-layout-column fusion_builder_column fusion_builder_column_1_1  fusion-one-full fusion-column-first fusion-column-last 1_1\"  style='margin-top:0px;margin-bottom:20px;'>\n\t\t\t\t\t<div class=\"fusion-column-wrapper\" style=\"padding: 0px 0px 0px 0px;background-position:left top;background-repeat:no-repeat;-webkit-background-size:cover;-moz-background-size:cover;-o-background-size:cover;background-size:cover;\"  data-bg-url=\"\">\n\t\t\t\t\t\t<div class=\"xs-spacer30 sm-spacer60\"><\/div><div class=\"imageframe-align-center\"><span class=\"fusion-imageframe imageframe-none imageframe-1 hover-type-none area-icon\"><img loading=\"lazy\" src=\"https:\/\/fimel.pt\/wp-content\/uploads\/2017\/08\/automacaorobotica.png\" width=\"400\" height=\"400\" alt=\"\" title=\"automacaorobotica\" class=\"img-responsive wp-image-4598\" srcset=\"https:\/\/fimel.pt\/wp-content\/uploads\/2017\/08\/automacaorobotica-200x200.png 200w, https:\/\/fimel.pt\/wp-content\/uploads\/2017\/08\/automacaorobotica.png 400w\" sizes=\"(max-width: 800px) 100vw, 400px\" \/><\/span><\/div><div class=\"xs-spacer30 sm-spacer30\"><\/div><div class=\"fusion-text\"><p style=\"text-align: center;\"><span class=\"page-heading\">Automation et Robotique<\/span><\/p>\n<\/div><div class=\"fusion-clearfix\"><\/div>\n\n\t\t\t\t\t<\/div>\n\t\t\t\t<\/div><\/div><\/div><div id=\"ar-presentation\" class=\"fusion-fullwidth fullwidth-box position-area hundred-percent-fullwidth non-hundred-percent-height-scrolling\"  style='background-color: rgba(255,255,255,0);background-position: center center;background-repeat: no-repeat;padding-top:0px;padding-right:0px;padding-bottom:0px;padding-left:0px;margin-bottom: 90px;margin-top: 90px;'><div class=\"fusion-builder-row fusion-row \"><div  class=\"fusion-layout-column fusion_builder_column fusion_builder_column_1_6  fusion-one-sixth fusion-column-first 1_6\"  style='margin-top:0px;margin-bottom:20px;width:16.66%;width:calc(16.66% - ( ( 4% + 4% ) * 0.1666 ) );margin-right: 4%;'>\n\t\t\t\t\t<div class=\"fusion-column-wrapper\" style=\"padding: 0px 0px 0px 0px;background-position:left top;background-repeat:no-repeat;-webkit-background-size:cover;-moz-background-size:cover;-o-background-size:cover;background-size:cover;\"  data-bg-url=\"\">\n\t\t\t\t\t\t<div class=\"fusion-clearfix\"><\/div>\n\n\t\t\t\t\t<\/div>\n\t\t\t\t<\/div><div  class=\"fusion-layout-column fusion_builder_column fusion_builder_column_2_3  fusion-two-third 2_3\"  style='margin-top:0px;margin-bottom:20px;width:66.66%;width:calc(66.66% - ( ( 4% + 4% ) * 0.6666 ) );margin-right: 4%;'>\n\t\t\t\t\t<div class=\"fusion-column-wrapper\" style=\"padding: 0px 0px 0px 0px;background-position:left top;background-repeat:no-repeat;-webkit-background-size:cover;-moz-background-size:cover;-o-background-size:cover;background-size:cover;\"  data-bg-url=\"\">\n\t\t\t\t\t\t<div class=\"fusion-builder-row fusion-builder-row-inner fusion-row \"><div  class=\"fusion-layout-column fusion_builder_column fusion_builder_column_1_2  fusion-one-half fusion-column-first 1_2\"  style='margin-top: 0px;margin-bottom: 20px;width:50%;width:calc(50% - ( ( 4% ) * 0.5 ) );margin-right:4%;'><div class=\"fusion-column-wrapper\" style=\"padding: 0px 0px 0px 0px;background-position:left top;background-repeat:no-repeat;-webkit-background-size:cover;-moz-background-size:cover;-o-background-size:cover;background-size:cover;\"  data-bg-url=\"\"><div class=\"fusion-text\"><h2 class=\"fimel-area-title\">Le secteur de l\u2019Automation et la Robotique est capable de r\u00e9pondre aux innombrables demandes existantes dans le domaine de l\u2019Automation et du Contr\u00f4le. En d\u00e9veloppant des partenariats strat\u00e9giques dans ce domaine de l\u2019Automation Industrielle et Robotique, avec des Centres d\u2019Investigation et D\u00e9veloppement, ce secteur dispose actuellement de Know-How pour r\u00e9pondre efficacement aux d\u00e9fis propos\u00e9s par le march\u00e9.<\/h2>\n<\/div><div class=\"fusion-text\"><p>Des solutions de contr\u00f4le utilisant les PLC\u2019s et les Technologies Digitales sont d\u00e9velopp\u00e9es continuellement, misant toujours sur des solutions d\u2019avant-garde.<\/p>\n<\/div><div class=\"fusion-text\"><p>Donc, Fimel con\u00e7oit des \u00e9quipements Industriels de peinture \u00e9lectrostatique, compl\u00e8tement automatis\u00e9s dans l\u2019entreprise, ainsi toute la structure d\u2019Assistance Apr\u00e8s-Vente est garantie par ce secteur.<\/p>\n<p>Quelques \u00e9quipements de la gamme:<\/p>\n<ul class=\"fimel-list\">\n<li>Solutions d\u2019Automation int\u00e9gr\u00e9e pour les lignes de peinture \u00e9lectrostatique.<\/li>\n<li>Convoyeurs A\u00e9riens et au Sol, avec contr\u00f4le par Convertisseur de Fr\u00e9quence Vectoriel.<\/li>\n<li>Bandes Transporteuses.<\/li>\n<li>R\u00e9ciprocateurs Verticaux et Horizontaux de Peinture, avec contr\u00f4le par PLC (simple ou avec syst\u00e8me de reconnaissance de la forme des objets).<\/li>\n<li>Robots Anthropomorphiques.<\/li>\n<li>Syst\u00e8mes de Gestion d\u2019\u00c9nergie et Gestion Technique Centralis\u00e9e.<\/li>\n<\/ul>\n<\/div><div class=\"xs-spacer30 sm-spacer90\"><\/div><\/div><\/div><div  class=\"fusion-layout-column fusion_builder_column fusion_builder_column_1_2  fusion-one-half fusion-column-last 1_2\"  style='margin-top: 0px;margin-bottom: 20px;width:50%;width:calc(50% - ( ( 4% ) * 0.5 ) );'><div class=\"fusion-column-wrapper\" style=\"padding: 0px 0px 0px 0px;background-position:left top;background-repeat:no-repeat;-webkit-background-size:cover;-moz-background-size:cover;-o-background-size:cover;background-size:cover;\"  data-bg-url=\"\"><div class=\"fusion-slider-sc flexslider flexslider-hover-type-none areas-slider\" style=\"max-width:100%;height:100%;\"><ul class=\"slides\"><li class=\"image\"><span class=\"hover-type-none\"><img role=\"presentation\" src=\"https:\/\/fimel.pt\/wp-content\/uploads\/2018\/01\/comando_centralizado.jpg\" \/><\/span><\/li><li class=\"image\"><span class=\"hover-type-none\"><img role=\"presentation\" src=\"https:\/\/fimel.pt\/wp-content\/uploads\/2017\/08\/Slideshow-3-1.png\" \/><\/span><\/li><li class=\"image\"><span class=\"hover-type-none\"><img role=\"presentation\" src=\"https:\/\/fimel.pt\/wp-content\/uploads\/2017\/08\/Slideshow-4-1.png\" \/><\/span><\/li><li class=\"image\"><span class=\"hover-type-none\"><img role=\"presentation\" src=\"https:\/\/fimel.pt\/wp-content\/uploads\/2018\/01\/consola_plc.jpg\" \/><\/span><\/li><li class=\"image\"><span class=\"hover-type-none\"><img role=\"presentation\" src=\"https:\/\/fimel.pt\/wp-content\/uploads\/2018\/01\/consola_plc_2.jpg\" \/><\/span><\/li><li class=\"image\"><span class=\"hover-type-none\"><img role=\"presentation\" src=\"https:\/\/fimel.pt\/wp-content\/uploads\/2018\/01\/reciprocador_vertical.jpg\" \/><\/span><\/li><li class=\"image\"><span class=\"hover-type-none\"><img role=\"presentation\" src=\"https:\/\/fimel.pt\/wp-content\/uploads\/2018\/01\/robot_antropomorfico.jpg\" \/><\/span><\/li><\/ul><\/div><\/div><\/div><\/div><div class=\"fusion-clearfix\"><\/div>\n\n\t\t\t\t\t<\/div>\n\t\t\t\t<\/div><div  class=\"fusion-layout-column fusion_builder_column fusion_builder_column_1_6  fusion-one-sixth fusion-column-last 1_6\"  style='margin-top:0px;margin-bottom:20px;width:16.66%;width:calc(16.66% - ( ( 4% + 4% ) * 0.1666 ) );'>\n\t\t\t\t\t<div class=\"fusion-column-wrapper\" style=\"padding: 0px 0px 0px 0px;background-position:left top;background-repeat:no-repeat;-webkit-background-size:cover;-moz-background-size:cover;-o-background-size:cover;background-size:cover;\"  data-bg-url=\"\">\n\t\t\t\t\t\t<div class=\"fusion-clearfix\"><\/div>\n\n\t\t\t\t\t<\/div>\n\t\t\t\t<\/div><div  class=\"fusion-layout-column fusion_builder_column fusion_builder_column_1_1  fusion-one-full fusion-column-first fusion-column-last 1_1\"  style='margin-top:0px;margin-bottom:20px;'>\n\t\t\t\t\t<div class=\"fusion-column-wrapper\" style=\"padding: 0px 0px 0px 0px;background-position:left top;background-repeat:no-repeat;-webkit-background-size:cover;-moz-background-size:cover;-o-background-size:cover;background-size:cover;\"  data-bg-url=\"\">\n\t\t\t\t\t\t<div class=\"xs-spacer30 sm-spacer30\"><\/div><div class=\"fusion-text\"><div class=\"xs-tacenter sm-tacenter\"><iframe loading=\"lazy\" src=\"https:\/\/www.youtube.com\/embed\/Y3s-ubMVZ88?autoplay=1&amp;ecver=1\" width=\"824\" height=\"520\" frameborder=\"0\" allowfullscreen=\"allowfullscreen\"><\/iframe><\/div>\n<\/div><div class=\"fusion-clearfix\"><\/div>\n\n\t\t\t\t\t<\/div>\n\t\t\t\t<\/div><\/div><\/div><\/p>\n","protected":false},"excerpt":{"rendered":"","protected":false},"author":1,"featured_media":0,"parent":0,"menu_order":0,"comment_status":"closed","ping_status":"closed","template":"100-width.php","meta":[],"_links":{"self":[{"href":"https:\/\/fimel.pt\/fr\/wp-json\/wp\/v2\/pages\/542"}],"collection":[{"href":"https:\/\/fimel.pt\/fr\/wp-json\/wp\/v2\/pages"}],"about":[{"href":"https:\/\/fimel.pt\/fr\/wp-json\/wp\/v2\/types\/page"}],"author":[{"embeddable":true,"href":"https:\/\/fimel.pt\/fr\/wp-json\/wp\/v2\/users\/1"}],"replies":[{"embeddable":true,"href":"https:\/\/fimel.pt\/fr\/wp-json\/wp\/v2\/comments?post=542"}],"version-history":[{"count":0,"href":"https:\/\/fimel.pt\/fr\/wp-json\/wp\/v2\/pages\/542\/revisions"}],"wp:attachment":[{"href":"https:\/\/fimel.pt\/fr\/wp-json\/wp\/v2\/media?parent=542"}],"curies":[{"name":"wp","href":"https:\/\/api.w.org\/{rel}","templated":true}]}}