{"id":558,"date":"2017-08-10T16:43:30","date_gmt":"2017-08-10T16:43:30","guid":{"rendered":"https:\/\/fimel.pt\/lavadoras-industriais\/"},"modified":"2018-09-04T13:18:10","modified_gmt":"2018-09-04T13:18:10","slug":"lavadoras-industriais","status":"publish","type":"page","link":"https:\/\/fimel.pt\/fr\/lavadoras-industriais\/","title":{"rendered":"Laveuses Industrielles"},"content":{"rendered":"<p><div class=\"fusion-fullwidth fullwidth-box fusion-parallax-none page-title nonhundred-percent-fullwidth non-hundred-percent-height-scrolling\"  style='background-color: rgba(255,255,255,0);background-image: url(\"https:\/\/fimel.pt\/wp-content\/uploads\/2017\/08\/LavadorasIndustriais-1-300x41.png\");background-position: center center;background-repeat: no-repeat;padding-top:0px;padding-right:0px;padding-bottom:0px;padding-left:0px;margin-bottom: 0px;margin-top: 0px;-webkit-background-size:cover;-moz-background-size:cover;-o-background-size:cover;background-size:cover;'><div class=\"fusion-builder-row fusion-row \"><div  class=\"fusion-layout-column fusion_builder_column fusion_builder_column_1_1  fusion-one-full fusion-column-first fusion-column-last fimel-banner 1_1\"  style='margin-top:0px;margin-bottom:20px;'>\n\t\t\t\t\t<div class=\"fusion-column-wrapper\" style=\"padding: 0px 0px 0px 0px;background-position:left top;background-repeat:no-repeat;-webkit-background-size:cover;-moz-background-size:cover;-o-background-size:cover;background-size:cover;\"  data-bg-url=\"\">\n\t\t\t\t\t\t<div class=\"imageframe-align-center\"><span class=\"fusion-imageframe imageframe-none imageframe-1 hover-type-none area-icon\"><img loading=\"lazy\" src=\"https:\/\/fimel.pt\/wp-content\/uploads\/2017\/08\/lavadorasindustriais.png\" width=\"400\" height=\"400\" alt=\"\" title=\"lavadorasindustriais\" class=\"img-responsive wp-image-4596\" srcset=\"https:\/\/fimel.pt\/wp-content\/uploads\/2017\/08\/lavadorasindustriais-200x200.png 200w, https:\/\/fimel.pt\/wp-content\/uploads\/2017\/08\/lavadorasindustriais.png 400w\" sizes=\"(max-width: 800px) 100vw, 400px\" \/><\/span><\/div><div class=\"xs-spacer30 sm-spacer30\"><\/div><div class=\"fusion-text\"><p style=\"text-align: center;\"><span class=\"page-heading\">Laveuses Industrielles<\/span><\/p>\n<\/div><div class=\"fusion-clearfix\"><\/div>\n\n\t\t\t\t\t<\/div>\n\t\t\t\t<\/div><\/div><\/div><div id=\"l-presentation\" class=\"fusion-fullwidth fullwidth-box position-area hundred-percent-fullwidth non-hundred-percent-height-scrolling\"  style='background-color: rgba(255,255,255,0);background-position: center center;background-repeat: no-repeat;padding-top:0px;padding-right:0px;padding-bottom:0px;padding-left:0px;margin-bottom: 90px;margin-top: 90px;'><div class=\"fusion-builder-row fusion-row \"><div  class=\"fusion-layout-column fusion_builder_column fusion_builder_column_1_6  fusion-one-sixth fusion-column-first 1_6\"  style='margin-top:0px;margin-bottom:20px;width:16.66%;width:calc(16.66% - ( ( 4% + 4% ) * 0.1666 ) );margin-right: 4%;'>\n\t\t\t\t\t<div class=\"fusion-column-wrapper\" style=\"padding: 0px 0px 0px 0px;background-position:left top;background-repeat:no-repeat;-webkit-background-size:cover;-moz-background-size:cover;-o-background-size:cover;background-size:cover;\"  data-bg-url=\"\">\n\t\t\t\t\t\t<div class=\"fusion-clearfix\"><\/div>\n\n\t\t\t\t\t<\/div>\n\t\t\t\t<\/div><div  class=\"fusion-layout-column fusion_builder_column fusion_builder_column_2_3  fusion-two-third 2_3\"  style='margin-top:0px;margin-bottom:20px;width:66.66%;width:calc(66.66% - ( ( 4% + 4% ) * 0.6666 ) );margin-right: 4%;'>\n\t\t\t\t\t<div class=\"fusion-column-wrapper\" style=\"padding: 0px 0px 0px 0px;background-position:left top;background-repeat:no-repeat;-webkit-background-size:cover;-moz-background-size:cover;-o-background-size:cover;background-size:cover;\"  data-bg-url=\"\">\n\t\t\t\t\t\t<div class=\"fusion-builder-row fusion-builder-row-inner fusion-row \"><div  class=\"fusion-layout-column fusion_builder_column fusion_builder_column_1_2  fusion-one-half fusion-column-first 1_2\"  style='margin-top: 0px;margin-bottom: 20px;width:50%;width:calc(50% - ( ( 4% ) * 0.5 ) );margin-right:4%;'><div class=\"fusion-column-wrapper\" style=\"padding: 0px 0px 0px 0px;background-position:left top;background-repeat:no-repeat;-webkit-background-size:cover;-moz-background-size:cover;-o-background-size:cover;background-size:cover;\"  data-bg-url=\"\"><div class=\"fusion-text\"><h2 class=\"fimel-area-title\">Le besoin de lavage de pi\u00e8ces est pr\u00e9sent dans les secteurs les plus vari\u00e9s de l\u2019industrie, par cons\u00e9quent, les laveuses industrielles sont des machines essentielles \u00e0 garantir un produit de qualit\u00e9.<\/h2>\n<\/div><div class=\"xs-spacer30 sm-spacer30\"><\/div><div class=\"fusion-text\"><p>Ainsi, les laveuses deviennent un \u00e9quipement indispensable au sein de l\u2019industrie qui travaille avec des pi\u00e8ces. \u00c9tant donn\u00e9 que les pi\u00e8ces industrielles sont assez vari\u00e9es, il existe des laveuses industrielles de plusieurs mod\u00e8les, pour r\u00e9aliser le lavage le plus ad\u00e9quate. Entre les laveuses industrielles, il y a la laveuse type tunnel. Ce mod\u00e8le est l\u2019un des plus versatiles du march\u00e9, parce qu\u2019il peut \u00eatre compl\u00e8tement model\u00e9 aux besoins des clients, pouvant \u00eatre par tapis roulant ou convoyeur a\u00e9rien. La machine poss\u00e8de une grande technologie, permettant que toutes ses caract\u00e9ristiques relatives au travail et \u00e0 la composition puissent \u00eatre appropri\u00e9es; de cette fa\u00e7on, entrainant les meilleurs r\u00e9sultats possibles pour ce travail, puisque la machine est tourn\u00e9e exclusivement vers les pi\u00e8ces avec lesquelles elle est en train de travailler.<\/p>\n<ul class=\"fimel-list\">\n<li>Laveuses de Tunnel Continu.<\/li>\n<li>Laveuses de Tunnel Statique.<\/li>\n<li>Laveuses de Pi\u00e8ces par Immersion.<\/li>\n<li>Laveuses de Boites Plastiques.<\/li>\n<li>Laveuses \u00e0 Panier Rotatif.<\/li>\n<li>Laveuses avec S\u00e9chage.<\/li>\n<\/ul>\n<\/div><div class=\"xs-spacer30 sm-spacer90\"><\/div><\/div><\/div><div  class=\"fusion-layout-column fusion_builder_column fusion_builder_column_1_2  fusion-one-half fusion-column-last 1_2\"  style='margin-top: 0px;margin-bottom: 20px;width:50%;width:calc(50% - ( ( 4% ) * 0.5 ) );'><div class=\"fusion-column-wrapper\" style=\"padding: 0px 0px 0px 0px;background-position:left top;background-repeat:no-repeat;-webkit-background-size:cover;-moz-background-size:cover;-o-background-size:cover;background-size:cover;\"  data-bg-url=\"\"><div class=\"fusion-slider-sc flexslider flexslider-hover-type-none areas-slider\" style=\"max-width:100%;height:100%;\"><ul class=\"slides\"><li class=\"image\"><span class=\"hover-type-none\"><img role=\"presentation\" src=\"https:\/\/fimel.pt\/wp-content\/uploads\/2018\/01\/1.jpg\" \/><\/span><\/li><li class=\"image\"><span class=\"hover-type-none\"><img role=\"presentation\" src=\"https:\/\/fimel.pt\/wp-content\/uploads\/2018\/01\/Lavadora-de-Pe\u00e7as-Autom\u00f3vel-import.jpg\" \/><\/span><\/li><li class=\"image\"><span class=\"hover-type-none\"><img role=\"presentation\" src=\"https:\/\/fimel.pt\/wp-content\/uploads\/2018\/01\/Sem-T\u00edtulo-1-2.jpg\" \/><\/span><\/li><li class=\"image\"><span class=\"hover-type-none\"><img role=\"presentation\" src=\"https:\/\/fimel.pt\/wp-content\/uploads\/2018\/01\/lacagem.jpg\" \/><\/span><\/li><li class=\"image\"><span class=\"hover-type-none\"><img role=\"presentation\" src=\"https:\/\/fimel.pt\/wp-content\/uploads\/2018\/01\/Lavadora-de-Imers\u00e3o-01-import.jpg\" \/><\/span><\/li><li class=\"image\"><span class=\"hover-type-none\"><img role=\"presentation\" src=\"https:\/\/fimel.pt\/wp-content\/uploads\/2018\/01\/lavadoras_caixas_plasticas-1.jpg\" \/><\/span><\/li><li class=\"image\"><span class=\"hover-type-none\"><img role=\"presentation\" src=\"https:\/\/fimel.pt\/wp-content\/uploads\/2018\/01\/lavadoras_cesto_rotativo_3d.jpg\" \/><\/span><\/li><\/ul><\/div><\/div><\/div><\/div><div class=\"fusion-clearfix\"><\/div>\n\n\t\t\t\t\t<\/div>\n\t\t\t\t<\/div><div  class=\"fusion-layout-column fusion_builder_column fusion_builder_column_1_6  fusion-one-sixth fusion-column-last 1_6\"  style='margin-top:0px;margin-bottom:20px;width:16.66%;width:calc(16.66% - ( ( 4% + 4% ) * 0.1666 ) );'>\n\t\t\t\t\t<div class=\"fusion-column-wrapper\" style=\"padding: 0px 0px 0px 0px;background-position:left top;background-repeat:no-repeat;-webkit-background-size:cover;-moz-background-size:cover;-o-background-size:cover;background-size:cover;\"  data-bg-url=\"\">\n\t\t\t\t\t\t<div class=\"fusion-clearfix\"><\/div>\n\n\t\t\t\t\t<\/div>\n\t\t\t\t<\/div><\/div><\/div><\/p>\n","protected":false},"excerpt":{"rendered":"","protected":false},"author":1,"featured_media":0,"parent":0,"menu_order":0,"comment_status":"closed","ping_status":"closed","template":"100-width.php","meta":[],"_links":{"self":[{"href":"https:\/\/fimel.pt\/fr\/wp-json\/wp\/v2\/pages\/558"}],"collection":[{"href":"https:\/\/fimel.pt\/fr\/wp-json\/wp\/v2\/pages"}],"about":[{"href":"https:\/\/fimel.pt\/fr\/wp-json\/wp\/v2\/types\/page"}],"author":[{"embeddable":true,"href":"https:\/\/fimel.pt\/fr\/wp-json\/wp\/v2\/users\/1"}],"replies":[{"embeddable":true,"href":"https:\/\/fimel.pt\/fr\/wp-json\/wp\/v2\/comments?post=558"}],"version-history":[{"count":0,"href":"https:\/\/fimel.pt\/fr\/wp-json\/wp\/v2\/pages\/558\/revisions"}],"wp:attachment":[{"href":"https:\/\/fimel.pt\/fr\/wp-json\/wp\/v2\/media?parent=558"}],"curies":[{"name":"wp","href":"https:\/\/api.w.org\/{rel}","templated":true}]}}